{"id":124597,"date":"2025-10-07T17:01:40","date_gmt":"2025-10-07T17:01:40","guid":{"rendered":"https:\/\/casafreitas.pt\/loja\/produto\/lampada-led-branca-gx53-6-w-670-lm-3000-k-luz-quente-o73-x-26-mm\/"},"modified":"2025-10-24T07:18:31","modified_gmt":"2025-10-24T07:18:31","slug":"lampada-led-branca-gx53-6-w-670-lm-3000-k-luz-quente-o73-x-26-mm","status":"publish","type":"product","link":"https:\/\/casafreitas.pt\/loja\/produto\/lampada-led-branca-gx53-6-w-670-lm-3000-k-luz-quente-o73-x-26-mm\/","title":{"rendered":"L\u00e2mpada led branca gx53 6 w 670 lm 3000 k luz quente \u00f873 x 26 mm"},"content":{"rendered":"","protected":false},"excerpt":{"rendered":"<p>L\u00e2mpada led branca gx53, 6 w, 670 lm, 3000 k, \u00f873 x 26 mm, 220-240 v ~ 50 hz, luz quente, perfeita para ilumina\u00e7\u00e3o decorativa, poupa at\u00e9 80% de energia, dura at\u00e9 10 vezes mais que uma l\u00e2mpada tradicional, material abs, n\u00e3o regul\u00e1vel, fluxo luminoso 360\u00b0, \u00e2ngulo de abertura 100\u00b0, classe energ\u00e9tica e<\/p>\n","protected":false},"featured_media":124596,"comment_status":"open","ping_status":"closed","template":"","meta":[],"product_brand":[],"product_cat":[17524,18004],"product_tag":[12919],"class_list":{"0":"post-124597","1":"product","2":"type-product","3":"status-publish","4":"has-post-thumbnail","6":"product_cat-bi-pin-g9-varios-construcao","7":"product_cat-construcao","8":"product_tag-fbright","10":"first","11":"instock","12":"taxable","13":"shipping-taxable","14":"purchasable","15":"product-type-simple"},"_links":{"self":[{"href":"https:\/\/casafreitas.pt\/loja\/wp-json\/wp\/v2\/product\/124597","targetHints":{"allow":["GET"]}}],"collection":[{"href":"https:\/\/casafreitas.pt\/loja\/wp-json\/wp\/v2\/product"}],"about":[{"href":"https:\/\/casafreitas.pt\/loja\/wp-json\/wp\/v2\/types\/product"}],"replies":[{"embeddable":true,"href":"https:\/\/casafreitas.pt\/loja\/wp-json\/wp\/v2\/comments?post=124597"}],"version-history":[{"count":1,"href":"https:\/\/casafreitas.pt\/loja\/wp-json\/wp\/v2\/product\/124597\/revisions"}],"predecessor-version":[{"id":124598,"href":"https:\/\/casafreitas.pt\/loja\/wp-json\/wp\/v2\/product\/124597\/revisions\/124598"}],"wp:featuredmedia":[{"embeddable":true,"href":"https:\/\/casafreitas.pt\/loja\/wp-json\/wp\/v2\/media\/124596"}],"wp:attachment":[{"href":"https:\/\/casafreitas.pt\/loja\/wp-json\/wp\/v2\/media?parent=124597"}],"wp:term":[{"taxonomy":"product_brand","embeddable":true,"href":"https:\/\/casafreitas.pt\/loja\/wp-json\/wp\/v2\/product_brand?post=124597"},{"taxonomy":"product_cat","embeddable":true,"href":"https:\/\/casafreitas.pt\/loja\/wp-json\/wp\/v2\/product_cat?post=124597"},{"taxonomy":"product_tag","embeddable":true,"href":"https:\/\/casafreitas.pt\/loja\/wp-json\/wp\/v2\/product_tag?post=124597"}],"curies":[{"name":"wp","href":"https:\/\/api.w.org\/{rel}","templated":true}]}}