{"id":124582,"date":"2025-10-07T16:59:17","date_gmt":"2025-10-07T16:59:17","guid":{"rendered":"https:\/\/casafreitas.pt\/loja\/produto\/lampada-incandescente-pebetero-e-27-10-w-clara-30-x-60-mm\/"},"modified":"2025-10-24T07:18:30","modified_gmt":"2025-10-24T07:18:30","slug":"lampada-incandescente-pebetero-e-27-10-w-clara-30-x-60-mm","status":"publish","type":"product","link":"https:\/\/casafreitas.pt\/loja\/produto\/lampada-incandescente-pebetero-e-27-10-w-clara-30-x-60-mm\/","title":{"rendered":"L\u00e2mpada incandescente pebetero e-27 10 w clara 30 x 60 mm"},"content":{"rendered":"","protected":false},"excerpt":{"rendered":"<p>L\u00e2mpada incandescente pebetera clara, e-27, 10 w, 240-260 v 50-60 hz, 60 lm, vida \u00fatil estimada 1200 h, classe energ\u00e9tica g, 30 x 60 mm<\/p>\n","protected":false},"featured_media":124581,"comment_status":"open","ping_status":"closed","template":"","meta":[],"product_brand":[],"product_cat":[12897,18004],"product_tag":[12919],"class_list":{"0":"post-124582","1":"product","2":"type-product","3":"status-publish","4":"has-post-thumbnail","6":"product_cat-incandescente","7":"product_cat-construcao","8":"product_tag-fbright","10":"first","11":"instock","12":"taxable","13":"shipping-taxable","14":"purchasable","15":"product-type-simple"},"_links":{"self":[{"href":"https:\/\/casafreitas.pt\/loja\/wp-json\/wp\/v2\/product\/124582","targetHints":{"allow":["GET"]}}],"collection":[{"href":"https:\/\/casafreitas.pt\/loja\/wp-json\/wp\/v2\/product"}],"about":[{"href":"https:\/\/casafreitas.pt\/loja\/wp-json\/wp\/v2\/types\/product"}],"replies":[{"embeddable":true,"href":"https:\/\/casafreitas.pt\/loja\/wp-json\/wp\/v2\/comments?post=124582"}],"version-history":[{"count":1,"href":"https:\/\/casafreitas.pt\/loja\/wp-json\/wp\/v2\/product\/124582\/revisions"}],"predecessor-version":[{"id":124583,"href":"https:\/\/casafreitas.pt\/loja\/wp-json\/wp\/v2\/product\/124582\/revisions\/124583"}],"wp:featuredmedia":[{"embeddable":true,"href":"https:\/\/casafreitas.pt\/loja\/wp-json\/wp\/v2\/media\/124581"}],"wp:attachment":[{"href":"https:\/\/casafreitas.pt\/loja\/wp-json\/wp\/v2\/media?parent=124582"}],"wp:term":[{"taxonomy":"product_brand","embeddable":true,"href":"https:\/\/casafreitas.pt\/loja\/wp-json\/wp\/v2\/product_brand?post=124582"},{"taxonomy":"product_cat","embeddable":true,"href":"https:\/\/casafreitas.pt\/loja\/wp-json\/wp\/v2\/product_cat?post=124582"},{"taxonomy":"product_tag","embeddable":true,"href":"https:\/\/casafreitas.pt\/loja\/wp-json\/wp\/v2\/product_tag?post=124582"}],"curies":[{"name":"wp","href":"https:\/\/api.w.org\/{rel}","templated":true}]}}