{"id":124480,"date":"2025-10-07T16:42:55","date_gmt":"2025-10-07T16:42:55","guid":{"rendered":"https:\/\/casafreitas.pt\/loja\/produto\/cabo-anti-roubo-com-lacos-xl200-200-cm-x-10-mm\/"},"modified":"2025-10-24T07:18:22","modified_gmt":"2025-10-24T07:18:22","slug":"cabo-anti-roubo-com-lacos-xl200-200-cm-x-10-mm","status":"publish","type":"product","link":"https:\/\/casafreitas.pt\/loja\/produto\/cabo-anti-roubo-com-lacos-xl200-200-cm-x-10-mm\/","title":{"rendered":"Cabo anti-roubo com la\u00e7os xl200 200 cm x 10 mm"},"content":{"rendered":"","protected":false},"excerpt":{"rendered":"<p>Cabo em a\u00e7o galvanizado com revestimento em vinil preto; 200 cm de comprimento e di\u00e2metro de 10 mm; \u00e9 necess\u00e1rio um cadeado para unir os dois la\u00e7os colocados nas extremidades do cabo (n\u00e3o inclu\u00eddo). adequado para prote\u00e7\u00e3o anti-roubo de m\u00f3veis de terra\u00e7o em \u00e1reas p\u00fablicas<\/p>\n","protected":false},"featured_media":124479,"comment_status":"open","ping_status":"closed","template":"","meta":[],"product_brand":[],"product_cat":[17529,18004],"product_tag":[],"class_list":{"0":"post-124480","1":"product","2":"type-product","3":"status-publish","4":"has-post-thumbnail","6":"product_cat-cadeados-porta-de-cadeado-construcao","7":"product_cat-construcao","9":"first","10":"instock","11":"taxable","12":"shipping-taxable","13":"purchasable","14":"product-type-simple"},"_links":{"self":[{"href":"https:\/\/casafreitas.pt\/loja\/wp-json\/wp\/v2\/product\/124480","targetHints":{"allow":["GET"]}}],"collection":[{"href":"https:\/\/casafreitas.pt\/loja\/wp-json\/wp\/v2\/product"}],"about":[{"href":"https:\/\/casafreitas.pt\/loja\/wp-json\/wp\/v2\/types\/product"}],"replies":[{"embeddable":true,"href":"https:\/\/casafreitas.pt\/loja\/wp-json\/wp\/v2\/comments?post=124480"}],"version-history":[{"count":1,"href":"https:\/\/casafreitas.pt\/loja\/wp-json\/wp\/v2\/product\/124480\/revisions"}],"predecessor-version":[{"id":124481,"href":"https:\/\/casafreitas.pt\/loja\/wp-json\/wp\/v2\/product\/124480\/revisions\/124481"}],"wp:featuredmedia":[{"embeddable":true,"href":"https:\/\/casafreitas.pt\/loja\/wp-json\/wp\/v2\/media\/124479"}],"wp:attachment":[{"href":"https:\/\/casafreitas.pt\/loja\/wp-json\/wp\/v2\/media?parent=124480"}],"wp:term":[{"taxonomy":"product_brand","embeddable":true,"href":"https:\/\/casafreitas.pt\/loja\/wp-json\/wp\/v2\/product_brand?post=124480"},{"taxonomy":"product_cat","embeddable":true,"href":"https:\/\/casafreitas.pt\/loja\/wp-json\/wp\/v2\/product_cat?post=124480"},{"taxonomy":"product_tag","embeddable":true,"href":"https:\/\/casafreitas.pt\/loja\/wp-json\/wp\/v2\/product_tag?post=124480"}],"curies":[{"name":"wp","href":"https:\/\/api.w.org\/{rel}","templated":true}]}}