{"id":124462,"date":"2025-10-07T16:40:04","date_gmt":"2025-10-07T16:40:04","guid":{"rendered":"https:\/\/casafreitas.pt\/loja\/produto\/isqueiro-modelo-macarico-recarregavel-varias-cores-euro-u\/"},"modified":"2025-10-24T07:18:21","modified_gmt":"2025-10-24T07:18:21","slug":"isqueiro-modelo-macarico-recarregavel-varias-cores-euro-u","status":"publish","type":"product","link":"https:\/\/casafreitas.pt\/loja\/produto\/isqueiro-modelo-macarico-recarregavel-varias-cores-euro-u\/","title":{"rendered":"Isqueiro modelo ma\u00e7arico recarreg\u00e1vel v\u00e1rias cores euro\/u"},"content":{"rendered":"","protected":false},"excerpt":{"rendered":"<p>Isqueiro modelo ma\u00e7arico 10,5&#215;3,5&#215;2,57cm recarreg\u00e1vel v\u00e1rias cores euro\/u<\/p>\n","protected":false},"featured_media":124461,"comment_status":"open","ping_status":"closed","template":"","meta":[],"product_brand":[],"product_cat":[2364,17366],"product_tag":[],"class_list":{"0":"post-124462","1":"product","2":"type-product","3":"status-publish","4":"has-post-thumbnail","6":"product_cat-climatizacao","7":"product_cat-isqueiros-climatizacao","9":"first","10":"instock","11":"taxable","12":"shipping-taxable","13":"purchasable","14":"product-type-simple"},"_links":{"self":[{"href":"https:\/\/casafreitas.pt\/loja\/wp-json\/wp\/v2\/product\/124462","targetHints":{"allow":["GET"]}}],"collection":[{"href":"https:\/\/casafreitas.pt\/loja\/wp-json\/wp\/v2\/product"}],"about":[{"href":"https:\/\/casafreitas.pt\/loja\/wp-json\/wp\/v2\/types\/product"}],"replies":[{"embeddable":true,"href":"https:\/\/casafreitas.pt\/loja\/wp-json\/wp\/v2\/comments?post=124462"}],"version-history":[{"count":1,"href":"https:\/\/casafreitas.pt\/loja\/wp-json\/wp\/v2\/product\/124462\/revisions"}],"predecessor-version":[{"id":124463,"href":"https:\/\/casafreitas.pt\/loja\/wp-json\/wp\/v2\/product\/124462\/revisions\/124463"}],"wp:featuredmedia":[{"embeddable":true,"href":"https:\/\/casafreitas.pt\/loja\/wp-json\/wp\/v2\/media\/124461"}],"wp:attachment":[{"href":"https:\/\/casafreitas.pt\/loja\/wp-json\/wp\/v2\/media?parent=124462"}],"wp:term":[{"taxonomy":"product_brand","embeddable":true,"href":"https:\/\/casafreitas.pt\/loja\/wp-json\/wp\/v2\/product_brand?post=124462"},{"taxonomy":"product_cat","embeddable":true,"href":"https:\/\/casafreitas.pt\/loja\/wp-json\/wp\/v2\/product_cat?post=124462"},{"taxonomy":"product_tag","embeddable":true,"href":"https:\/\/casafreitas.pt\/loja\/wp-json\/wp\/v2\/product_tag?post=124462"}],"curies":[{"name":"wp","href":"https:\/\/api.w.org\/{rel}","templated":true}]}}