{"id":124042,"date":"2025-10-07T08:06:00","date_gmt":"2025-10-07T08:06:00","guid":{"rendered":"https:\/\/casafreitas.pt\/loja\/produto\/pintura-em-spray-art-craft-520cc-pintura-magnetica-preta-pi104\/"},"modified":"2025-10-24T07:18:06","modified_gmt":"2025-10-24T07:18:06","slug":"pintura-em-spray-art-craft-520cc-pintura-magnetica-preta-pi104","status":"publish","type":"product","link":"https:\/\/casafreitas.pt\/loja\/produto\/pintura-em-spray-art-craft-520cc-pintura-magnetica-preta-pi104\/","title":{"rendered":"Pintura em spray art &amp; craft 520cc pintura magnetica preta pi104"},"content":{"rendered":"","protected":false},"excerpt":{"rendered":"<p>Pintura magnetica em spray que permite a atra\u00e7\u00e3o de imanes em quaquer superficie pintada. \u00e9 uma forma f\u00e1cil e simples de converter objetos em suportes para imanes. com esta pintura pode p\u00f4r de parte os pioneses ou fitas adesivas e troc\u00e1-las por imanes. n\u00e3o danifica a superficie. pode-se pendurar fotos, planos ou croquis com um duas capas de pintura e alguns imanes, ou ajudar as crian\u00e7as com a sua aprendizagem com as letras magneticas ou jugar fazendo figurinhas. ao contr\u00e1rio de outras pinturas presentes no mercado, esta pintura n\u00e3o tem poder de atra\u00e7\u00e3o. cont\u00e9m elementos met\u00e1licos para que os imanes se adiram<\/p>\n","protected":false},"featured_media":124041,"comment_status":"open","ping_status":"closed","template":"","meta":[],"product_brand":[],"product_cat":[17548,18004],"product_tag":[],"class_list":{"0":"post-124042","1":"product","2":"type-product","3":"status-publish","4":"has-post-thumbnail","6":"product_cat-efeitos-construcao","7":"product_cat-construcao","9":"first","10":"instock","11":"taxable","12":"shipping-taxable","13":"purchasable","14":"product-type-simple"},"_links":{"self":[{"href":"https:\/\/casafreitas.pt\/loja\/wp-json\/wp\/v2\/product\/124042","targetHints":{"allow":["GET"]}}],"collection":[{"href":"https:\/\/casafreitas.pt\/loja\/wp-json\/wp\/v2\/product"}],"about":[{"href":"https:\/\/casafreitas.pt\/loja\/wp-json\/wp\/v2\/types\/product"}],"replies":[{"embeddable":true,"href":"https:\/\/casafreitas.pt\/loja\/wp-json\/wp\/v2\/comments?post=124042"}],"version-history":[{"count":1,"href":"https:\/\/casafreitas.pt\/loja\/wp-json\/wp\/v2\/product\/124042\/revisions"}],"predecessor-version":[{"id":124043,"href":"https:\/\/casafreitas.pt\/loja\/wp-json\/wp\/v2\/product\/124042\/revisions\/124043"}],"wp:featuredmedia":[{"embeddable":true,"href":"https:\/\/casafreitas.pt\/loja\/wp-json\/wp\/v2\/media\/124041"}],"wp:attachment":[{"href":"https:\/\/casafreitas.pt\/loja\/wp-json\/wp\/v2\/media?parent=124042"}],"wp:term":[{"taxonomy":"product_brand","embeddable":true,"href":"https:\/\/casafreitas.pt\/loja\/wp-json\/wp\/v2\/product_brand?post=124042"},{"taxonomy":"product_cat","embeddable":true,"href":"https:\/\/casafreitas.pt\/loja\/wp-json\/wp\/v2\/product_cat?post=124042"},{"taxonomy":"product_tag","embeddable":true,"href":"https:\/\/casafreitas.pt\/loja\/wp-json\/wp\/v2\/product_tag?post=124042"}],"curies":[{"name":"wp","href":"https:\/\/api.w.org\/{rel}","templated":true}]}}