{"id":123708,"date":"2025-10-07T07:14:01","date_gmt":"2025-10-07T07:14:01","guid":{"rendered":"https:\/\/casafreitas.pt\/loja\/produto\/spray-imprimacao-plastico-520cc-i199-transparente-290-g\/"},"modified":"2025-10-24T07:17:42","modified_gmt":"2025-10-24T07:17:42","slug":"spray-imprimacao-plastico-520cc-i199-transparente-290-g","status":"publish","type":"product","link":"https:\/\/casafreitas.pt\/loja\/produto\/spray-imprimacao-plastico-520cc-i199-transparente-290-g\/","title":{"rendered":"Spray imprima\u00e7\u00e3o pl\u00e1stico 520cc i199 transparente 290 g"},"content":{"rendered":"","protected":false},"excerpt":{"rendered":"<p>Imprima\u00e7\u00e3o incolor para a maioria de pl\u00e1stico. obtena a melhor fixa\u00e7\u00e3o para sua posterior pintado.ideal para maquete e modelismo, superficies pl\u00e1sticas do autom\u00f3vel ( parachoques, spoilers, retrovisores, etc) assim como pe\u00e7as de pl\u00e1stico em geral que devam ser pintadas( moveis, malas de pl\u00e1stico duro, jogos, etc..)<\/p>\n","protected":false},"featured_media":123707,"comment_status":"open","ping_status":"closed","template":"","meta":[],"product_brand":[],"product_cat":[17632,18004],"product_tag":[],"class_list":{"0":"post-123708","1":"product","2":"type-product","3":"status-publish","4":"has-post-thumbnail","6":"product_cat-primers-preparadores-de-superficies-construcao","7":"product_cat-construcao","9":"first","10":"instock","11":"taxable","12":"shipping-taxable","13":"purchasable","14":"product-type-simple"},"_links":{"self":[{"href":"https:\/\/casafreitas.pt\/loja\/wp-json\/wp\/v2\/product\/123708","targetHints":{"allow":["GET"]}}],"collection":[{"href":"https:\/\/casafreitas.pt\/loja\/wp-json\/wp\/v2\/product"}],"about":[{"href":"https:\/\/casafreitas.pt\/loja\/wp-json\/wp\/v2\/types\/product"}],"replies":[{"embeddable":true,"href":"https:\/\/casafreitas.pt\/loja\/wp-json\/wp\/v2\/comments?post=123708"}],"version-history":[{"count":1,"href":"https:\/\/casafreitas.pt\/loja\/wp-json\/wp\/v2\/product\/123708\/revisions"}],"predecessor-version":[{"id":123709,"href":"https:\/\/casafreitas.pt\/loja\/wp-json\/wp\/v2\/product\/123708\/revisions\/123709"}],"wp:featuredmedia":[{"embeddable":true,"href":"https:\/\/casafreitas.pt\/loja\/wp-json\/wp\/v2\/media\/123707"}],"wp:attachment":[{"href":"https:\/\/casafreitas.pt\/loja\/wp-json\/wp\/v2\/media?parent=123708"}],"wp:term":[{"taxonomy":"product_brand","embeddable":true,"href":"https:\/\/casafreitas.pt\/loja\/wp-json\/wp\/v2\/product_brand?post=123708"},{"taxonomy":"product_cat","embeddable":true,"href":"https:\/\/casafreitas.pt\/loja\/wp-json\/wp\/v2\/product_cat?post=123708"},{"taxonomy":"product_tag","embeddable":true,"href":"https:\/\/casafreitas.pt\/loja\/wp-json\/wp\/v2\/product_tag?post=123708"}],"curies":[{"name":"wp","href":"https:\/\/api.w.org\/{rel}","templated":true}]}}