{"id":123702,"date":"2025-10-07T07:13:05","date_gmt":"2025-10-07T07:13:05","guid":{"rendered":"https:\/\/casafreitas.pt\/loja\/produto\/tinta-spray-automatica-520-cc-tintas-rodas-l150-prata\/"},"modified":"2025-10-24T07:17:41","modified_gmt":"2025-10-24T07:17:41","slug":"tinta-spray-automatica-520-cc-tintas-rodas-l150-prata","status":"publish","type":"product","link":"https:\/\/casafreitas.pt\/loja\/produto\/tinta-spray-automatica-520-cc-tintas-rodas-l150-prata\/","title":{"rendered":"Tinta spray autom\u00e1tica 520 cc tintas rodas l150 prata"},"content":{"rendered":"","protected":false},"excerpt":{"rendered":"<p>Esmalte acrilico cor prata para embelecer e proteger facilmente pneus e acabamento. alta ades\u00e3o e resit\u00eancia a fric\u00e7\u00e3o, a h\u00famidade, e a gasolina<\/p>\n","protected":false},"featured_media":123701,"comment_status":"open","ping_status":"closed","template":"","meta":[],"product_brand":[],"product_cat":[17653,18004],"product_tag":[],"class_list":{"0":"post-123702","1":"product","2":"type-product","3":"status-publish","4":"has-post-thumbnail","6":"product_cat-tecnico-spray-construcao","7":"product_cat-construcao","9":"first","10":"instock","11":"taxable","12":"shipping-taxable","13":"purchasable","14":"product-type-simple"},"_links":{"self":[{"href":"https:\/\/casafreitas.pt\/loja\/wp-json\/wp\/v2\/product\/123702","targetHints":{"allow":["GET"]}}],"collection":[{"href":"https:\/\/casafreitas.pt\/loja\/wp-json\/wp\/v2\/product"}],"about":[{"href":"https:\/\/casafreitas.pt\/loja\/wp-json\/wp\/v2\/types\/product"}],"replies":[{"embeddable":true,"href":"https:\/\/casafreitas.pt\/loja\/wp-json\/wp\/v2\/comments?post=123702"}],"version-history":[{"count":1,"href":"https:\/\/casafreitas.pt\/loja\/wp-json\/wp\/v2\/product\/123702\/revisions"}],"predecessor-version":[{"id":123703,"href":"https:\/\/casafreitas.pt\/loja\/wp-json\/wp\/v2\/product\/123702\/revisions\/123703"}],"wp:featuredmedia":[{"embeddable":true,"href":"https:\/\/casafreitas.pt\/loja\/wp-json\/wp\/v2\/media\/123701"}],"wp:attachment":[{"href":"https:\/\/casafreitas.pt\/loja\/wp-json\/wp\/v2\/media?parent=123702"}],"wp:term":[{"taxonomy":"product_brand","embeddable":true,"href":"https:\/\/casafreitas.pt\/loja\/wp-json\/wp\/v2\/product_brand?post=123702"},{"taxonomy":"product_cat","embeddable":true,"href":"https:\/\/casafreitas.pt\/loja\/wp-json\/wp\/v2\/product_cat?post=123702"},{"taxonomy":"product_tag","embeddable":true,"href":"https:\/\/casafreitas.pt\/loja\/wp-json\/wp\/v2\/product_tag?post=123702"}],"curies":[{"name":"wp","href":"https:\/\/api.w.org\/{rel}","templated":true}]}}