{"id":123538,"date":"2025-10-07T06:41:41","date_gmt":"2025-10-07T06:41:41","guid":{"rendered":"https:\/\/casafreitas.pt\/loja\/produto\/tinta-alquidica-spray-520-cc-ref-640-branco-fosco-esqueleto-300-ml\/"},"modified":"2025-10-24T07:17:31","modified_gmt":"2025-10-24T07:17:31","slug":"tinta-alquidica-spray-520-cc-ref-640-branco-fosco-esqueleto-300-ml","status":"publish","type":"product","link":"https:\/\/casafreitas.pt\/loja\/produto\/tinta-alquidica-spray-520-cc-ref-640-branco-fosco-esqueleto-300-ml\/","title":{"rendered":"Tinta alqu\u00eddica spray 520 cc ref. 640 branco fosco esqueleto 300 ml"},"content":{"rendered":"","protected":false},"excerpt":{"rendered":"<p>Tinta alqu\u00eddica spray 520 cc ref. 640 branco fosco esqueleto 300 ml. consegue dureza, resist\u00eancia \u00e0 degrada\u00e7\u00e3o da cor, solidez \u00e0 luz, cobertura e opacidade, n\u00e3o despega e \u00e9 de baixa press\u00e3o, o que permite obter um tra\u00e7o de grande precis\u00e3o<\/p>\n","protected":false},"featured_media":123537,"comment_status":"open","ping_status":"closed","template":"","meta":[],"product_brand":[],"product_cat":[17648,18004],"product_tag":[],"class_list":{"0":"post-123538","1":"product","2":"type-product","3":"status-publish","4":"has-post-thumbnail","6":"product_cat-spray-alquidico-construcao","7":"product_cat-construcao","9":"first","10":"instock","11":"taxable","12":"shipping-taxable","13":"purchasable","14":"product-type-simple"},"_links":{"self":[{"href":"https:\/\/casafreitas.pt\/loja\/wp-json\/wp\/v2\/product\/123538","targetHints":{"allow":["GET"]}}],"collection":[{"href":"https:\/\/casafreitas.pt\/loja\/wp-json\/wp\/v2\/product"}],"about":[{"href":"https:\/\/casafreitas.pt\/loja\/wp-json\/wp\/v2\/types\/product"}],"replies":[{"embeddable":true,"href":"https:\/\/casafreitas.pt\/loja\/wp-json\/wp\/v2\/comments?post=123538"}],"version-history":[{"count":1,"href":"https:\/\/casafreitas.pt\/loja\/wp-json\/wp\/v2\/product\/123538\/revisions"}],"predecessor-version":[{"id":123539,"href":"https:\/\/casafreitas.pt\/loja\/wp-json\/wp\/v2\/product\/123538\/revisions\/123539"}],"wp:featuredmedia":[{"embeddable":true,"href":"https:\/\/casafreitas.pt\/loja\/wp-json\/wp\/v2\/media\/123537"}],"wp:attachment":[{"href":"https:\/\/casafreitas.pt\/loja\/wp-json\/wp\/v2\/media?parent=123538"}],"wp:term":[{"taxonomy":"product_brand","embeddable":true,"href":"https:\/\/casafreitas.pt\/loja\/wp-json\/wp\/v2\/product_brand?post=123538"},{"taxonomy":"product_cat","embeddable":true,"href":"https:\/\/casafreitas.pt\/loja\/wp-json\/wp\/v2\/product_cat?post=123538"},{"taxonomy":"product_tag","embeddable":true,"href":"https:\/\/casafreitas.pt\/loja\/wp-json\/wp\/v2\/product_tag?post=123538"}],"curies":[{"name":"wp","href":"https:\/\/api.w.org\/{rel}","templated":true}]}}