{"id":123508,"date":"2025-10-07T06:36:47","date_gmt":"2025-10-07T06:36:47","guid":{"rendered":"https:\/\/casafreitas.pt\/loja\/produto\/tinta-acrilica-spray-evolution-520-cc-ral-7016-cinza-antracite-fosco-300-g\/"},"modified":"2025-10-24T07:17:29","modified_gmt":"2025-10-24T07:17:29","slug":"tinta-acrilica-spray-evolution-520-cc-ral-7016-cinza-antracite-fosco-300-g","status":"publish","type":"product","link":"https:\/\/casafreitas.pt\/loja\/produto\/tinta-acrilica-spray-evolution-520-cc-ral-7016-cinza-antracite-fosco-300-g\/","title":{"rendered":"Tinta acr\u00edlica spray evolution 520 cc ral 7016 cinza antracite fosco 300 g"},"content":{"rendered":"","protected":false},"excerpt":{"rendered":"<p>Pintura acrilica em cores ral de secagem ultra r\u00e1pida (15 minutos), para aplica\u00e7\u00e3o tanto em interiores como exteriores, excelente prote\u00e7\u00e3o, acabamento liso e uniforme, adere-se sobre qualquer superficie<\/p>\n","protected":false},"featured_media":123507,"comment_status":"open","ping_status":"closed","template":"","meta":[],"product_brand":[],"product_cat":[17647,18004],"product_tag":[],"class_list":{"0":"post-123508","1":"product","2":"type-product","3":"status-publish","4":"has-post-thumbnail","6":"product_cat-spray-construcao","7":"product_cat-construcao","9":"first","10":"instock","11":"taxable","12":"shipping-taxable","13":"purchasable","14":"product-type-simple"},"_links":{"self":[{"href":"https:\/\/casafreitas.pt\/loja\/wp-json\/wp\/v2\/product\/123508","targetHints":{"allow":["GET"]}}],"collection":[{"href":"https:\/\/casafreitas.pt\/loja\/wp-json\/wp\/v2\/product"}],"about":[{"href":"https:\/\/casafreitas.pt\/loja\/wp-json\/wp\/v2\/types\/product"}],"replies":[{"embeddable":true,"href":"https:\/\/casafreitas.pt\/loja\/wp-json\/wp\/v2\/comments?post=123508"}],"version-history":[{"count":1,"href":"https:\/\/casafreitas.pt\/loja\/wp-json\/wp\/v2\/product\/123508\/revisions"}],"predecessor-version":[{"id":123509,"href":"https:\/\/casafreitas.pt\/loja\/wp-json\/wp\/v2\/product\/123508\/revisions\/123509"}],"wp:featuredmedia":[{"embeddable":true,"href":"https:\/\/casafreitas.pt\/loja\/wp-json\/wp\/v2\/media\/123507"}],"wp:attachment":[{"href":"https:\/\/casafreitas.pt\/loja\/wp-json\/wp\/v2\/media?parent=123508"}],"wp:term":[{"taxonomy":"product_brand","embeddable":true,"href":"https:\/\/casafreitas.pt\/loja\/wp-json\/wp\/v2\/product_brand?post=123508"},{"taxonomy":"product_cat","embeddable":true,"href":"https:\/\/casafreitas.pt\/loja\/wp-json\/wp\/v2\/product_cat?post=123508"},{"taxonomy":"product_tag","embeddable":true,"href":"https:\/\/casafreitas.pt\/loja\/wp-json\/wp\/v2\/product_tag?post=123508"}],"curies":[{"name":"wp","href":"https:\/\/api.w.org\/{rel}","templated":true}]}}