{"id":123448,"date":"2025-10-07T06:22:23","date_gmt":"2025-10-07T06:22:23","guid":{"rendered":"https:\/\/casafreitas.pt\/loja\/produto\/ventoinha-teto-led-modelo-bliss-cor-preto-potencia-28-35-w-pas-o106-cm-com-comando\/"},"modified":"2025-10-24T07:17:23","modified_gmt":"2025-10-24T07:17:23","slug":"ventoinha-teto-led-modelo-bliss-cor-preto-potencia-28-35-w-pas-o106-cm-com-comando","status":"publish","type":"product","link":"https:\/\/casafreitas.pt\/loja\/produto\/ventoinha-teto-led-modelo-bliss-cor-preto-potencia-28-35-w-pas-o106-cm-com-comando\/","title":{"rendered":"Ventoinha de teto led modelo bliss. cor preto. pot\u00eancia: 28 + 35 w p\u00e1s: \u00f8106 cm com comando"},"content":{"rendered":"","protected":false},"excerpt":{"rendered":"<p>Ventoinha de teto led luz led modelo bliss. cor preto. pot\u00eancia: 28 + 35 w com a possibilidade de mudar o tom da luz 2700 k &#8211; 4000 k &#8211; 5500 k p\u00e1s abat\u00edveis. comando. \u00f8106 cm 42,5 db 230 rpm<\/p>\n","protected":false},"featured_media":123447,"comment_status":"open","ping_status":"closed","template":"","meta":[],"product_brand":[],"product_cat":[2364,17384],"product_tag":[],"class_list":{"0":"post-123448","1":"product","2":"type-product","3":"status-publish","4":"has-post-thumbnail","6":"product_cat-climatizacao","7":"product_cat-ventoinhas-de-teto-climatizacao","9":"first","10":"instock","11":"taxable","12":"shipping-taxable","13":"purchasable","14":"product-type-simple"},"_links":{"self":[{"href":"https:\/\/casafreitas.pt\/loja\/wp-json\/wp\/v2\/product\/123448","targetHints":{"allow":["GET"]}}],"collection":[{"href":"https:\/\/casafreitas.pt\/loja\/wp-json\/wp\/v2\/product"}],"about":[{"href":"https:\/\/casafreitas.pt\/loja\/wp-json\/wp\/v2\/types\/product"}],"replies":[{"embeddable":true,"href":"https:\/\/casafreitas.pt\/loja\/wp-json\/wp\/v2\/comments?post=123448"}],"version-history":[{"count":1,"href":"https:\/\/casafreitas.pt\/loja\/wp-json\/wp\/v2\/product\/123448\/revisions"}],"predecessor-version":[{"id":123449,"href":"https:\/\/casafreitas.pt\/loja\/wp-json\/wp\/v2\/product\/123448\/revisions\/123449"}],"wp:featuredmedia":[{"embeddable":true,"href":"https:\/\/casafreitas.pt\/loja\/wp-json\/wp\/v2\/media\/123447"}],"wp:attachment":[{"href":"https:\/\/casafreitas.pt\/loja\/wp-json\/wp\/v2\/media?parent=123448"}],"wp:term":[{"taxonomy":"product_brand","embeddable":true,"href":"https:\/\/casafreitas.pt\/loja\/wp-json\/wp\/v2\/product_brand?post=123448"},{"taxonomy":"product_cat","embeddable":true,"href":"https:\/\/casafreitas.pt\/loja\/wp-json\/wp\/v2\/product_cat?post=123448"},{"taxonomy":"product_tag","embeddable":true,"href":"https:\/\/casafreitas.pt\/loja\/wp-json\/wp\/v2\/product_tag?post=123448"}],"curies":[{"name":"wp","href":"https:\/\/api.w.org\/{rel}","templated":true}]}}