{"id":123367,"date":"2025-10-07T06:06:54","date_gmt":"2025-10-07T06:06:54","guid":{"rendered":"https:\/\/casafreitas.pt\/loja\/produto\/argamassa-ceramica-125-cm\/"},"modified":"2025-10-24T07:17:19","modified_gmt":"2025-10-24T07:17:19","slug":"argamassa-ceramica-125-cm","status":"publish","type":"product","link":"https:\/\/casafreitas.pt\/loja\/produto\/argamassa-ceramica-125-cm\/","title":{"rendered":"Argamassa cer\u00e2mica 12,5 cm"},"content":{"rendered":"","protected":false},"excerpt":{"rendered":"<p>Argamassa amarela, cer\u00e2mica \u00f812,5 cm<\/p>\n","protected":false},"featured_media":123366,"comment_status":"open","ping_status":"closed","template":"","meta":[],"product_brand":[],"product_cat":[13563,8800],"product_tag":[],"class_list":{"0":"post-123367","1":"product","2":"type-product","3":"status-publish","4":"has-post-thumbnail","6":"product_cat-almofariz","7":"product_cat-pequenos-domesticos","9":"first","10":"instock","11":"taxable","12":"shipping-taxable","13":"purchasable","14":"product-type-simple"},"_links":{"self":[{"href":"https:\/\/casafreitas.pt\/loja\/wp-json\/wp\/v2\/product\/123367","targetHints":{"allow":["GET"]}}],"collection":[{"href":"https:\/\/casafreitas.pt\/loja\/wp-json\/wp\/v2\/product"}],"about":[{"href":"https:\/\/casafreitas.pt\/loja\/wp-json\/wp\/v2\/types\/product"}],"replies":[{"embeddable":true,"href":"https:\/\/casafreitas.pt\/loja\/wp-json\/wp\/v2\/comments?post=123367"}],"version-history":[{"count":1,"href":"https:\/\/casafreitas.pt\/loja\/wp-json\/wp\/v2\/product\/123367\/revisions"}],"predecessor-version":[{"id":123368,"href":"https:\/\/casafreitas.pt\/loja\/wp-json\/wp\/v2\/product\/123367\/revisions\/123368"}],"wp:featuredmedia":[{"embeddable":true,"href":"https:\/\/casafreitas.pt\/loja\/wp-json\/wp\/v2\/media\/123366"}],"wp:attachment":[{"href":"https:\/\/casafreitas.pt\/loja\/wp-json\/wp\/v2\/media?parent=123367"}],"wp:term":[{"taxonomy":"product_brand","embeddable":true,"href":"https:\/\/casafreitas.pt\/loja\/wp-json\/wp\/v2\/product_brand?post=123367"},{"taxonomy":"product_cat","embeddable":true,"href":"https:\/\/casafreitas.pt\/loja\/wp-json\/wp\/v2\/product_cat?post=123367"},{"taxonomy":"product_tag","embeddable":true,"href":"https:\/\/casafreitas.pt\/loja\/wp-json\/wp\/v2\/product_tag?post=123367"}],"curies":[{"name":"wp","href":"https:\/\/api.w.org\/{rel}","templated":true}]}}