{"id":123229,"date":"2025-10-07T05:46:09","date_gmt":"2025-10-07T05:46:09","guid":{"rendered":"https:\/\/casafreitas.pt\/loja\/produto\/prato-raso-porcelana-akiko-o25-cm-6-pecas\/"},"modified":"2025-11-28T22:02:25","modified_gmt":"2025-11-28T22:02:25","slug":"prato-raso-porcelana-akiko-o25-cm-6-pecas","status":"publish","type":"product","link":"https:\/\/casafreitas.pt\/loja\/produto\/prato-raso-porcelana-akiko-o25-cm-6-pecas\/","title":{"rendered":"Prato raso de porcelana akiko \u00f825 cm, 6 pe\u00e7as"},"content":{"rendered":"","protected":false},"excerpt":{"rendered":"<p>Prato raso de porcelana akiko \u00f825 cm, 6 pe\u00e7as<\/p>\n","protected":false},"featured_media":123228,"comment_status":"open","ping_status":"closed","template":"","meta":[],"product_brand":[],"product_cat":[8800,16919],"product_tag":[13395],"class_list":{"0":"post-123229","1":"product","2":"type-product","3":"status-publish","4":"has-post-thumbnail","6":"product_cat-pequenos-domesticos","7":"product_cat-servicos-de-mesa-pequenos-domesticos-16","8":"product_tag-ovenza","10":"first","11":"instock","12":"taxable","13":"shipping-taxable","14":"purchasable","15":"product-type-simple"},"_links":{"self":[{"href":"https:\/\/casafreitas.pt\/loja\/wp-json\/wp\/v2\/product\/123229","targetHints":{"allow":["GET"]}}],"collection":[{"href":"https:\/\/casafreitas.pt\/loja\/wp-json\/wp\/v2\/product"}],"about":[{"href":"https:\/\/casafreitas.pt\/loja\/wp-json\/wp\/v2\/types\/product"}],"replies":[{"embeddable":true,"href":"https:\/\/casafreitas.pt\/loja\/wp-json\/wp\/v2\/comments?post=123229"}],"version-history":[{"count":1,"href":"https:\/\/casafreitas.pt\/loja\/wp-json\/wp\/v2\/product\/123229\/revisions"}],"predecessor-version":[{"id":123230,"href":"https:\/\/casafreitas.pt\/loja\/wp-json\/wp\/v2\/product\/123229\/revisions\/123230"}],"wp:featuredmedia":[{"embeddable":true,"href":"https:\/\/casafreitas.pt\/loja\/wp-json\/wp\/v2\/media\/123228"}],"wp:attachment":[{"href":"https:\/\/casafreitas.pt\/loja\/wp-json\/wp\/v2\/media?parent=123229"}],"wp:term":[{"taxonomy":"product_brand","embeddable":true,"href":"https:\/\/casafreitas.pt\/loja\/wp-json\/wp\/v2\/product_brand?post=123229"},{"taxonomy":"product_cat","embeddable":true,"href":"https:\/\/casafreitas.pt\/loja\/wp-json\/wp\/v2\/product_cat?post=123229"},{"taxonomy":"product_tag","embeddable":true,"href":"https:\/\/casafreitas.pt\/loja\/wp-json\/wp\/v2\/product_tag?post=123229"}],"curies":[{"name":"wp","href":"https:\/\/api.w.org\/{rel}","templated":true}]}}