{"id":123100,"date":"2025-10-07T05:24:06","date_gmt":"2025-10-07T05:24:06","guid":{"rendered":"https:\/\/casafreitas.pt\/loja\/produto\/lancheira-redonda-hermetica-tritan-nata-624-rosa-05l\/"},"modified":"2025-10-24T07:16:55","modified_gmt":"2025-10-24T07:16:55","slug":"lancheira-redonda-hermetica-tritan-nata-624-rosa-05l","status":"publish","type":"product","link":"https:\/\/casafreitas.pt\/loja\/produto\/lancheira-redonda-hermetica-tritan-nata-624-rosa-05l\/","title":{"rendered":"Lancheira redonda herm\u00e9tica tritan nata\u00ae 624 rosa de 0,5l"},"content":{"rendered":"","protected":false},"excerpt":{"rendered":"<p>Recipiente redondo transparente em tritan para alimentos. alta resist\u00eancia \u00e0 quebra e a temperaturas de -20\u00b0c a 80\u00b0c. livre de bpa. n\u00e3o transmite odores ou sabores. recicl\u00e1vel. adequado para aquecimento no micro-ondas (m\u00e1x. 80\u00b0c) com a tampa aberta para libertar o vapor. pode ir ao congelador. pode ir \u00e0 m\u00e1q. lava-lou\u00e7as (m\u00e1x. 80\u00b0c). tampas e recipientes s\u00e3o facilmente empilh\u00e1veis. fecho herm\u00e9tico com tampa de rosca de pl\u00e1stico rosa intenso. material do corpo do recipiente: pl\u00e1stico tritan. dimens\u00f5es: \u00f812 x 9,2 cm. capacidade: 0,5 l<\/p>\n","protected":false},"featured_media":123099,"comment_status":"open","ping_status":"closed","template":"","meta":[],"product_brand":[],"product_cat":[8800,17182],"product_tag":[12517],"class_list":{"0":"post-123100","1":"product","2":"type-product","3":"status-publish","4":"has-post-thumbnail","6":"product_cat-pequenos-domesticos","7":"product_cat-recipientes-de-cozinha-pequenos-domesticos","8":"product_tag-milan","10":"first","11":"instock","12":"taxable","13":"shipping-taxable","14":"purchasable","15":"product-type-simple"},"_links":{"self":[{"href":"https:\/\/casafreitas.pt\/loja\/wp-json\/wp\/v2\/product\/123100","targetHints":{"allow":["GET"]}}],"collection":[{"href":"https:\/\/casafreitas.pt\/loja\/wp-json\/wp\/v2\/product"}],"about":[{"href":"https:\/\/casafreitas.pt\/loja\/wp-json\/wp\/v2\/types\/product"}],"replies":[{"embeddable":true,"href":"https:\/\/casafreitas.pt\/loja\/wp-json\/wp\/v2\/comments?post=123100"}],"version-history":[{"count":1,"href":"https:\/\/casafreitas.pt\/loja\/wp-json\/wp\/v2\/product\/123100\/revisions"}],"predecessor-version":[{"id":123101,"href":"https:\/\/casafreitas.pt\/loja\/wp-json\/wp\/v2\/product\/123100\/revisions\/123101"}],"wp:featuredmedia":[{"embeddable":true,"href":"https:\/\/casafreitas.pt\/loja\/wp-json\/wp\/v2\/media\/123099"}],"wp:attachment":[{"href":"https:\/\/casafreitas.pt\/loja\/wp-json\/wp\/v2\/media?parent=123100"}],"wp:term":[{"taxonomy":"product_brand","embeddable":true,"href":"https:\/\/casafreitas.pt\/loja\/wp-json\/wp\/v2\/product_brand?post=123100"},{"taxonomy":"product_cat","embeddable":true,"href":"https:\/\/casafreitas.pt\/loja\/wp-json\/wp\/v2\/product_cat?post=123100"},{"taxonomy":"product_tag","embeddable":true,"href":"https:\/\/casafreitas.pt\/loja\/wp-json\/wp\/v2\/product_tag?post=123100"}],"curies":[{"name":"wp","href":"https:\/\/api.w.org\/{rel}","templated":true}]}}