{"id":123073,"date":"2025-10-07T05:20:02","date_gmt":"2025-10-07T05:20:02","guid":{"rendered":"https:\/\/casafreitas.pt\/loja\/produto\/chavena-estampado-flores-varios-modelos-630-ml\/"},"modified":"2025-11-28T22:02:23","modified_gmt":"2025-11-28T22:02:23","slug":"chavena-estampado-flores-varios-modelos-630-ml","status":"publish","type":"product","link":"https:\/\/casafreitas.pt\/loja\/produto\/chavena-estampado-flores-varios-modelos-630-ml\/","title":{"rendered":"Ch\u00e1vena estampado de flores, v\u00e1rios modelos, 630 ml"},"content":{"rendered":"","protected":false},"excerpt":{"rendered":"<p>Ch\u00e1vena estampado de flores, v\u00e1rios modelos. dimens\u00f5es: \u00f812 x 15,5 x 9 cm \/ 630 ml<\/p>\n","protected":false},"featured_media":123072,"comment_status":"open","ping_status":"closed","template":"","meta":[],"product_brand":[],"product_cat":[13553,8800],"product_tag":[],"class_list":{"0":"post-123073","1":"product","2":"type-product","3":"status-publish","4":"has-post-thumbnail","6":"product_cat-copos-tigelas","7":"product_cat-pequenos-domesticos","9":"first","10":"instock","11":"taxable","12":"shipping-taxable","13":"purchasable","14":"product-type-simple"},"_links":{"self":[{"href":"https:\/\/casafreitas.pt\/loja\/wp-json\/wp\/v2\/product\/123073","targetHints":{"allow":["GET"]}}],"collection":[{"href":"https:\/\/casafreitas.pt\/loja\/wp-json\/wp\/v2\/product"}],"about":[{"href":"https:\/\/casafreitas.pt\/loja\/wp-json\/wp\/v2\/types\/product"}],"replies":[{"embeddable":true,"href":"https:\/\/casafreitas.pt\/loja\/wp-json\/wp\/v2\/comments?post=123073"}],"version-history":[{"count":1,"href":"https:\/\/casafreitas.pt\/loja\/wp-json\/wp\/v2\/product\/123073\/revisions"}],"predecessor-version":[{"id":123074,"href":"https:\/\/casafreitas.pt\/loja\/wp-json\/wp\/v2\/product\/123073\/revisions\/123074"}],"wp:featuredmedia":[{"embeddable":true,"href":"https:\/\/casafreitas.pt\/loja\/wp-json\/wp\/v2\/media\/123072"}],"wp:attachment":[{"href":"https:\/\/casafreitas.pt\/loja\/wp-json\/wp\/v2\/media?parent=123073"}],"wp:term":[{"taxonomy":"product_brand","embeddable":true,"href":"https:\/\/casafreitas.pt\/loja\/wp-json\/wp\/v2\/product_brand?post=123073"},{"taxonomy":"product_cat","embeddable":true,"href":"https:\/\/casafreitas.pt\/loja\/wp-json\/wp\/v2\/product_cat?post=123073"},{"taxonomy":"product_tag","embeddable":true,"href":"https:\/\/casafreitas.pt\/loja\/wp-json\/wp\/v2\/product_tag?post=123073"}],"curies":[{"name":"wp","href":"https:\/\/api.w.org\/{rel}","templated":true}]}}