{"id":122665,"date":"2025-10-07T04:16:42","date_gmt":"2025-10-07T04:16:42","guid":{"rendered":"https:\/\/casafreitas.pt\/loja\/produto\/tesoura-para-aves-23cm-metaltex\/"},"modified":"2025-10-24T07:16:18","modified_gmt":"2025-10-24T07:16:18","slug":"tesoura-para-aves-23cm-metaltex","status":"publish","type":"product","link":"https:\/\/casafreitas.pt\/loja\/produto\/tesoura-para-aves-23cm-metaltex\/","title":{"rendered":"Tesoura para aves 23cm metaltex"},"content":{"rendered":"","protected":false},"excerpt":{"rendered":"<p>Tesoura para aves dimens\u00f5es: 23cm (comprimento) metaltex. inje\u00e7\u00e3o dupla. inoxidavel fecho de seguran\u00e7a<\/p>\n","protected":false},"featured_media":122664,"comment_status":"open","ping_status":"closed","template":"","meta":[],"product_brand":[],"product_cat":[8800,16626],"product_tag":[],"class_list":{"0":"post-122665","1":"product","2":"type-product","3":"status-publish","4":"has-post-thumbnail","6":"product_cat-pequenos-domesticos","7":"product_cat-tesouras-pequenos-domesticos-15","9":"first","10":"instock","11":"taxable","12":"shipping-taxable","13":"purchasable","14":"product-type-simple"},"_links":{"self":[{"href":"https:\/\/casafreitas.pt\/loja\/wp-json\/wp\/v2\/product\/122665","targetHints":{"allow":["GET"]}}],"collection":[{"href":"https:\/\/casafreitas.pt\/loja\/wp-json\/wp\/v2\/product"}],"about":[{"href":"https:\/\/casafreitas.pt\/loja\/wp-json\/wp\/v2\/types\/product"}],"replies":[{"embeddable":true,"href":"https:\/\/casafreitas.pt\/loja\/wp-json\/wp\/v2\/comments?post=122665"}],"version-history":[{"count":1,"href":"https:\/\/casafreitas.pt\/loja\/wp-json\/wp\/v2\/product\/122665\/revisions"}],"predecessor-version":[{"id":122666,"href":"https:\/\/casafreitas.pt\/loja\/wp-json\/wp\/v2\/product\/122665\/revisions\/122666"}],"wp:featuredmedia":[{"embeddable":true,"href":"https:\/\/casafreitas.pt\/loja\/wp-json\/wp\/v2\/media\/122664"}],"wp:attachment":[{"href":"https:\/\/casafreitas.pt\/loja\/wp-json\/wp\/v2\/media?parent=122665"}],"wp:term":[{"taxonomy":"product_brand","embeddable":true,"href":"https:\/\/casafreitas.pt\/loja\/wp-json\/wp\/v2\/product_brand?post=122665"},{"taxonomy":"product_cat","embeddable":true,"href":"https:\/\/casafreitas.pt\/loja\/wp-json\/wp\/v2\/product_cat?post=122665"},{"taxonomy":"product_tag","embeddable":true,"href":"https:\/\/casafreitas.pt\/loja\/wp-json\/wp\/v2\/product_tag?post=122665"}],"curies":[{"name":"wp","href":"https:\/\/api.w.org\/{rel}","templated":true}]}}