{"id":122575,"date":"2025-10-07T04:03:16","date_gmt":"2025-10-07T04:03:16","guid":{"rendered":"https:\/\/casafreitas.pt\/loja\/produto\/fruteiro-o27cm-colecao-noir-kitchen\/"},"modified":"2025-10-24T07:16:09","modified_gmt":"2025-10-24T07:16:09","slug":"fruteiro-o27cm-colecao-noir-kitchen","status":"publish","type":"product","link":"https:\/\/casafreitas.pt\/loja\/produto\/fruteiro-o27cm-colecao-noir-kitchen\/","title":{"rendered":"Fruteiro \u00f827cm cole\u00e7\u00e3o &#8216;noir kitchen&#8217;"},"content":{"rendered":"","protected":false},"excerpt":{"rendered":"<p>Fruteiro \u00f827cm (diametro) cole\u00e7\u00e3o &#8216;noir kitchen&#8217;<\/p>\n","protected":false},"featured_media":122574,"comment_status":"open","ping_status":"closed","template":"","meta":[],"product_brand":[],"product_cat":[15268,8800],"product_tag":[],"class_list":{"0":"post-122575","1":"product","2":"type-product","3":"status-publish","4":"has-post-thumbnail","6":"product_cat-cestos-de-pao-frutas-pequenos-domesticos","7":"product_cat-pequenos-domesticos","9":"first","10":"instock","11":"taxable","12":"shipping-taxable","13":"purchasable","14":"product-type-simple"},"_links":{"self":[{"href":"https:\/\/casafreitas.pt\/loja\/wp-json\/wp\/v2\/product\/122575","targetHints":{"allow":["GET"]}}],"collection":[{"href":"https:\/\/casafreitas.pt\/loja\/wp-json\/wp\/v2\/product"}],"about":[{"href":"https:\/\/casafreitas.pt\/loja\/wp-json\/wp\/v2\/types\/product"}],"replies":[{"embeddable":true,"href":"https:\/\/casafreitas.pt\/loja\/wp-json\/wp\/v2\/comments?post=122575"}],"version-history":[{"count":1,"href":"https:\/\/casafreitas.pt\/loja\/wp-json\/wp\/v2\/product\/122575\/revisions"}],"predecessor-version":[{"id":122576,"href":"https:\/\/casafreitas.pt\/loja\/wp-json\/wp\/v2\/product\/122575\/revisions\/122576"}],"wp:featuredmedia":[{"embeddable":true,"href":"https:\/\/casafreitas.pt\/loja\/wp-json\/wp\/v2\/media\/122574"}],"wp:attachment":[{"href":"https:\/\/casafreitas.pt\/loja\/wp-json\/wp\/v2\/media?parent=122575"}],"wp:term":[{"taxonomy":"product_brand","embeddable":true,"href":"https:\/\/casafreitas.pt\/loja\/wp-json\/wp\/v2\/product_brand?post=122575"},{"taxonomy":"product_cat","embeddable":true,"href":"https:\/\/casafreitas.pt\/loja\/wp-json\/wp\/v2\/product_cat?post=122575"},{"taxonomy":"product_tag","embeddable":true,"href":"https:\/\/casafreitas.pt\/loja\/wp-json\/wp\/v2\/product_tag?post=122575"}],"curies":[{"name":"wp","href":"https:\/\/api.w.org\/{rel}","templated":true}]}}