{"id":122308,"date":"2025-10-07T03:20:20","date_gmt":"2025-10-07T03:20:20","guid":{"rendered":"https:\/\/casafreitas.pt\/loja\/produto\/taca-em-plastico-28-cm-delicia-50-l-amarelo-tescoma\/"},"modified":"2025-10-24T07:15:48","modified_gmt":"2025-10-24T07:15:48","slug":"taca-em-plastico-28-cm-delicia-50-l-amarelo-tescoma","status":"publish","type":"product","link":"https:\/\/casafreitas.pt\/loja\/produto\/taca-em-plastico-28-cm-delicia-50-l-amarelo-tescoma\/","title":{"rendered":"Ta\u00e7a em pl\u00e1stico 28 cm delicia 5,0 l, amarelo. tescoma"},"content":{"rendered":"","protected":false},"excerpt":{"rendered":"<p>Ta\u00e7a em pl\u00e1stico 28 cm delicia 5. 0 l, amarelo. feito em pl\u00e1stico de excelente resist\u00eancia. adequado para micro-ondas, adequado para m\u00e1quina de lavar lou\u00e7a e frigor\u00edfico. garantia de 3 anos. tescoma<\/p>\n","protected":false},"featured_media":122307,"comment_status":"open","ping_status":"closed","template":"","meta":[],"product_brand":[],"product_cat":[17206,8800],"product_tag":[],"class_list":{"0":"post-122308","1":"product","2":"type-product","3":"status-publish","4":"has-post-thumbnail","6":"product_cat-aperitivos-pequenos-domesticos-13","7":"product_cat-pequenos-domesticos","9":"first","10":"instock","11":"taxable","12":"shipping-taxable","13":"purchasable","14":"product-type-simple"},"_links":{"self":[{"href":"https:\/\/casafreitas.pt\/loja\/wp-json\/wp\/v2\/product\/122308","targetHints":{"allow":["GET"]}}],"collection":[{"href":"https:\/\/casafreitas.pt\/loja\/wp-json\/wp\/v2\/product"}],"about":[{"href":"https:\/\/casafreitas.pt\/loja\/wp-json\/wp\/v2\/types\/product"}],"replies":[{"embeddable":true,"href":"https:\/\/casafreitas.pt\/loja\/wp-json\/wp\/v2\/comments?post=122308"}],"version-history":[{"count":1,"href":"https:\/\/casafreitas.pt\/loja\/wp-json\/wp\/v2\/product\/122308\/revisions"}],"predecessor-version":[{"id":122309,"href":"https:\/\/casafreitas.pt\/loja\/wp-json\/wp\/v2\/product\/122308\/revisions\/122309"}],"wp:featuredmedia":[{"embeddable":true,"href":"https:\/\/casafreitas.pt\/loja\/wp-json\/wp\/v2\/media\/122307"}],"wp:attachment":[{"href":"https:\/\/casafreitas.pt\/loja\/wp-json\/wp\/v2\/media?parent=122308"}],"wp:term":[{"taxonomy":"product_brand","embeddable":true,"href":"https:\/\/casafreitas.pt\/loja\/wp-json\/wp\/v2\/product_brand?post=122308"},{"taxonomy":"product_cat","embeddable":true,"href":"https:\/\/casafreitas.pt\/loja\/wp-json\/wp\/v2\/product_cat?post=122308"},{"taxonomy":"product_tag","embeddable":true,"href":"https:\/\/casafreitas.pt\/loja\/wp-json\/wp\/v2\/product_tag?post=122308"}],"curies":[{"name":"wp","href":"https:\/\/api.w.org\/{rel}","templated":true}]}}