{"id":122213,"date":"2025-10-07T03:03:41","date_gmt":"2025-10-07T03:03:41","guid":{"rendered":"https:\/\/casafreitas.pt\/loja\/produto\/triturador-batata-linha-espacial-tescoma\/"},"modified":"2025-10-24T07:15:40","modified_gmt":"2025-10-24T07:15:40","slug":"triturador-batata-linha-espacial-tescoma","status":"publish","type":"product","link":"https:\/\/casafreitas.pt\/loja\/produto\/triturador-batata-linha-espacial-tescoma\/","title":{"rendered":"Triturador de batata linha espacial. tescoma"},"content":{"rendered":"","protected":false},"excerpt":{"rendered":"<p>Triturador de batata linha espacial. panela de qualidade premium para todo o tipo de pilhas &#8211; excelente em particular para baterias com fundo anti-aderente &#8211; feita em material resistente at\u00e9 temperaturas de 210\u00b0c &#8211; n\u00e3o absorve aromas, sabores e cores de alimentos &#8211; cabo projetado para pendurar no espa\u00e7o barra de suspens\u00e3o de linha. tescoma<\/p>\n","protected":false},"featured_media":122212,"comment_status":"open","ping_status":"closed","template":"","meta":[],"product_brand":[],"product_cat":[17067,8800],"product_tag":[],"class_list":{"0":"post-122213","1":"product","2":"type-product","3":"status-publish","4":"has-post-thumbnail","6":"product_cat-bandolins-prensa-de-batata-pequenos-domesticos-12","7":"product_cat-pequenos-domesticos","9":"first","10":"instock","11":"taxable","12":"shipping-taxable","13":"purchasable","14":"product-type-simple"},"_links":{"self":[{"href":"https:\/\/casafreitas.pt\/loja\/wp-json\/wp\/v2\/product\/122213","targetHints":{"allow":["GET"]}}],"collection":[{"href":"https:\/\/casafreitas.pt\/loja\/wp-json\/wp\/v2\/product"}],"about":[{"href":"https:\/\/casafreitas.pt\/loja\/wp-json\/wp\/v2\/types\/product"}],"replies":[{"embeddable":true,"href":"https:\/\/casafreitas.pt\/loja\/wp-json\/wp\/v2\/comments?post=122213"}],"version-history":[{"count":1,"href":"https:\/\/casafreitas.pt\/loja\/wp-json\/wp\/v2\/product\/122213\/revisions"}],"predecessor-version":[{"id":122214,"href":"https:\/\/casafreitas.pt\/loja\/wp-json\/wp\/v2\/product\/122213\/revisions\/122214"}],"wp:featuredmedia":[{"embeddable":true,"href":"https:\/\/casafreitas.pt\/loja\/wp-json\/wp\/v2\/media\/122212"}],"wp:attachment":[{"href":"https:\/\/casafreitas.pt\/loja\/wp-json\/wp\/v2\/media?parent=122213"}],"wp:term":[{"taxonomy":"product_brand","embeddable":true,"href":"https:\/\/casafreitas.pt\/loja\/wp-json\/wp\/v2\/product_brand?post=122213"},{"taxonomy":"product_cat","embeddable":true,"href":"https:\/\/casafreitas.pt\/loja\/wp-json\/wp\/v2\/product_cat?post=122213"},{"taxonomy":"product_tag","embeddable":true,"href":"https:\/\/casafreitas.pt\/loja\/wp-json\/wp\/v2\/product_tag?post=122213"}],"curies":[{"name":"wp","href":"https:\/\/api.w.org\/{rel}","templated":true}]}}