{"id":122150,"date":"2025-10-07T02:54:12","date_gmt":"2025-10-07T02:54:12","guid":{"rendered":"https:\/\/casafreitas.pt\/loja\/produto\/almofariz-marmore-55080100-wenko\/"},"modified":"2025-11-15T22:03:46","modified_gmt":"2025-11-15T22:03:46","slug":"almofariz-marmore-55080100-wenko","status":"publish","type":"product","link":"https:\/\/casafreitas.pt\/loja\/produto\/almofariz-marmore-55080100-wenko\/","title":{"rendered":"Almofariz de m\u00e1rmore 55080100 wenko"},"content":{"rendered":"","protected":false},"excerpt":{"rendered":"<p>Almofariz de m\u00e1rmore. perfeito para moer ervas arom\u00e1ticas e especiarias. lavar \u00e0 m\u00e3o, n\u00e3o deixar demolho<\/p>\n","protected":false},"featured_media":122149,"comment_status":"open","ping_status":"closed","template":"","meta":[],"product_brand":[],"product_cat":[13563,8800],"product_tag":[],"class_list":{"0":"post-122150","1":"product","2":"type-product","3":"status-publish","4":"has-post-thumbnail","6":"product_cat-almofariz","7":"product_cat-pequenos-domesticos","9":"first","10":"instock","11":"taxable","12":"shipping-taxable","13":"purchasable","14":"product-type-simple"},"_links":{"self":[{"href":"https:\/\/casafreitas.pt\/loja\/wp-json\/wp\/v2\/product\/122150","targetHints":{"allow":["GET"]}}],"collection":[{"href":"https:\/\/casafreitas.pt\/loja\/wp-json\/wp\/v2\/product"}],"about":[{"href":"https:\/\/casafreitas.pt\/loja\/wp-json\/wp\/v2\/types\/product"}],"replies":[{"embeddable":true,"href":"https:\/\/casafreitas.pt\/loja\/wp-json\/wp\/v2\/comments?post=122150"}],"version-history":[{"count":1,"href":"https:\/\/casafreitas.pt\/loja\/wp-json\/wp\/v2\/product\/122150\/revisions"}],"predecessor-version":[{"id":122151,"href":"https:\/\/casafreitas.pt\/loja\/wp-json\/wp\/v2\/product\/122150\/revisions\/122151"}],"wp:featuredmedia":[{"embeddable":true,"href":"https:\/\/casafreitas.pt\/loja\/wp-json\/wp\/v2\/media\/122149"}],"wp:attachment":[{"href":"https:\/\/casafreitas.pt\/loja\/wp-json\/wp\/v2\/media?parent=122150"}],"wp:term":[{"taxonomy":"product_brand","embeddable":true,"href":"https:\/\/casafreitas.pt\/loja\/wp-json\/wp\/v2\/product_brand?post=122150"},{"taxonomy":"product_cat","embeddable":true,"href":"https:\/\/casafreitas.pt\/loja\/wp-json\/wp\/v2\/product_cat?post=122150"},{"taxonomy":"product_tag","embeddable":true,"href":"https:\/\/casafreitas.pt\/loja\/wp-json\/wp\/v2\/product_tag?post=122150"}],"curies":[{"name":"wp","href":"https:\/\/api.w.org\/{rel}","templated":true}]}}