{"id":122051,"date":"2025-10-07T02:39:40","date_gmt":"2025-10-07T02:39:40","guid":{"rendered":"https:\/\/casafreitas.pt\/loja\/produto\/organizador-gavetas-para-talheres-space-system-39x31x45cm-mondex\/"},"modified":"2025-10-24T07:15:27","modified_gmt":"2025-10-24T07:15:27","slug":"organizador-gavetas-para-talheres-space-system-39x31x45cm-mondex","status":"publish","type":"product","link":"https:\/\/casafreitas.pt\/loja\/produto\/organizador-gavetas-para-talheres-space-system-39x31x45cm-mondex\/","title":{"rendered":"Organizador de gavetas para talheres space system 39x31x4,5cm mondex"},"content":{"rendered":"","protected":false},"excerpt":{"rendered":"<p>Organizador de gavetas multi\u00fasos de polipropileno antideslizante para todo o tipo de classifica\u00e7\u00e3o, organiza\u00e7\u00e3o de gavetas tanto de cozinha como wc, secret\u00e1ria, etc<\/p>\n","protected":false},"featured_media":122050,"comment_status":"open","ping_status":"closed","template":"","meta":[],"product_brand":[],"product_cat":[12398,18003],"product_tag":[],"class_list":{"0":"post-122051","1":"product","2":"type-product","3":"status-publish","4":"has-post-thumbnail","6":"product_cat-cabides-adesivos","7":"product_cat-casa-decoracao","9":"first","10":"instock","11":"taxable","12":"shipping-taxable","13":"purchasable","14":"product-type-simple"},"_links":{"self":[{"href":"https:\/\/casafreitas.pt\/loja\/wp-json\/wp\/v2\/product\/122051","targetHints":{"allow":["GET"]}}],"collection":[{"href":"https:\/\/casafreitas.pt\/loja\/wp-json\/wp\/v2\/product"}],"about":[{"href":"https:\/\/casafreitas.pt\/loja\/wp-json\/wp\/v2\/types\/product"}],"replies":[{"embeddable":true,"href":"https:\/\/casafreitas.pt\/loja\/wp-json\/wp\/v2\/comments?post=122051"}],"version-history":[{"count":1,"href":"https:\/\/casafreitas.pt\/loja\/wp-json\/wp\/v2\/product\/122051\/revisions"}],"predecessor-version":[{"id":122052,"href":"https:\/\/casafreitas.pt\/loja\/wp-json\/wp\/v2\/product\/122051\/revisions\/122052"}],"wp:featuredmedia":[{"embeddable":true,"href":"https:\/\/casafreitas.pt\/loja\/wp-json\/wp\/v2\/media\/122050"}],"wp:attachment":[{"href":"https:\/\/casafreitas.pt\/loja\/wp-json\/wp\/v2\/media?parent=122051"}],"wp:term":[{"taxonomy":"product_brand","embeddable":true,"href":"https:\/\/casafreitas.pt\/loja\/wp-json\/wp\/v2\/product_brand?post=122051"},{"taxonomy":"product_cat","embeddable":true,"href":"https:\/\/casafreitas.pt\/loja\/wp-json\/wp\/v2\/product_cat?post=122051"},{"taxonomy":"product_tag","embeddable":true,"href":"https:\/\/casafreitas.pt\/loja\/wp-json\/wp\/v2\/product_tag?post=122051"}],"curies":[{"name":"wp","href":"https:\/\/api.w.org\/{rel}","templated":true}]}}