{"id":121586,"date":"2025-10-07T01:25:22","date_gmt":"2025-10-07T01:25:22","guid":{"rendered":"https:\/\/casafreitas.pt\/loja\/produto\/kit-recipientes-vidro-3-tamanhos-varios-630ml-1000ml-y-1480ml\/"},"modified":"2025-10-24T07:14:52","modified_gmt":"2025-10-24T07:14:52","slug":"kit-recipientes-vidro-3-tamanhos-varios-630ml-1000ml-y-1480ml","status":"publish","type":"product","link":"https:\/\/casafreitas.pt\/loja\/produto\/kit-recipientes-vidro-3-tamanhos-varios-630ml-1000ml-y-1480ml\/","title":{"rendered":"Kit de recipientes de vidro 3 tamanhos v\u00e1rios 630ml, 1000ml y 1480ml."},"content":{"rendered":"","protected":false},"excerpt":{"rendered":"<p>Kit de recipientes de vidro 3 tamanhos v\u00e1rios. vidro temperado e tampa em pp, para uso em microondas e m\u00e1quina de lavar-loi\u00e7a. 630ml, 1000ml e 1480ml<\/p>\n","protected":false},"featured_media":121585,"comment_status":"open","ping_status":"closed","template":"","meta":[],"product_brand":[],"product_cat":[8800,17182],"product_tag":[],"class_list":{"0":"post-121586","1":"product","2":"type-product","3":"status-publish","4":"has-post-thumbnail","6":"product_cat-pequenos-domesticos","7":"product_cat-recipientes-de-cozinha-pequenos-domesticos","9":"first","10":"instock","11":"taxable","12":"shipping-taxable","13":"purchasable","14":"product-type-simple"},"_links":{"self":[{"href":"https:\/\/casafreitas.pt\/loja\/wp-json\/wp\/v2\/product\/121586","targetHints":{"allow":["GET"]}}],"collection":[{"href":"https:\/\/casafreitas.pt\/loja\/wp-json\/wp\/v2\/product"}],"about":[{"href":"https:\/\/casafreitas.pt\/loja\/wp-json\/wp\/v2\/types\/product"}],"replies":[{"embeddable":true,"href":"https:\/\/casafreitas.pt\/loja\/wp-json\/wp\/v2\/comments?post=121586"}],"version-history":[{"count":1,"href":"https:\/\/casafreitas.pt\/loja\/wp-json\/wp\/v2\/product\/121586\/revisions"}],"predecessor-version":[{"id":121587,"href":"https:\/\/casafreitas.pt\/loja\/wp-json\/wp\/v2\/product\/121586\/revisions\/121587"}],"wp:featuredmedia":[{"embeddable":true,"href":"https:\/\/casafreitas.pt\/loja\/wp-json\/wp\/v2\/media\/121585"}],"wp:attachment":[{"href":"https:\/\/casafreitas.pt\/loja\/wp-json\/wp\/v2\/media?parent=121586"}],"wp:term":[{"taxonomy":"product_brand","embeddable":true,"href":"https:\/\/casafreitas.pt\/loja\/wp-json\/wp\/v2\/product_brand?post=121586"},{"taxonomy":"product_cat","embeddable":true,"href":"https:\/\/casafreitas.pt\/loja\/wp-json\/wp\/v2\/product_cat?post=121586"},{"taxonomy":"product_tag","embeddable":true,"href":"https:\/\/casafreitas.pt\/loja\/wp-json\/wp\/v2\/product_tag?post=121586"}],"curies":[{"name":"wp","href":"https:\/\/api.w.org\/{rel}","templated":true}]}}