{"id":121307,"date":"2025-10-07T00:44:35","date_gmt":"2025-10-07T00:44:35","guid":{"rendered":"https:\/\/casafreitas.pt\/loja\/produto\/pack-4-unid-extensivel-molde-emprego-o6cm-o10cm\/"},"modified":"2025-10-24T07:14:30","modified_gmt":"2025-10-24T07:14:30","slug":"pack-4-unid-extensivel-molde-emprego-o6cm-o10cm","status":"publish","type":"product","link":"https:\/\/casafreitas.pt\/loja\/produto\/pack-4-unid-extensivel-molde-emprego-o6cm-o10cm\/","title":{"rendered":"Pack 4 unid. extens\u00edvel molde de emprego de \u00f86cm a \u00f810cm"},"content":{"rendered":"","protected":false},"excerpt":{"rendered":"<p>Pack 4 unid. extens\u00edvel molde de emprego de \u00f86cm a \u00f810cm<\/p>\n","protected":false},"featured_media":121306,"comment_status":"open","ping_status":"closed","template":"","meta":[],"product_brand":[],"product_cat":[17037,8800],"product_tag":[],"class_list":{"0":"post-121307","1":"product","2":"type-product","3":"status-publish","4":"has-post-thumbnail","6":"product_cat-moldes-pequenos-domesticos","7":"product_cat-pequenos-domesticos","9":"first","10":"instock","11":"taxable","12":"shipping-taxable","13":"purchasable","14":"product-type-simple"},"_links":{"self":[{"href":"https:\/\/casafreitas.pt\/loja\/wp-json\/wp\/v2\/product\/121307","targetHints":{"allow":["GET"]}}],"collection":[{"href":"https:\/\/casafreitas.pt\/loja\/wp-json\/wp\/v2\/product"}],"about":[{"href":"https:\/\/casafreitas.pt\/loja\/wp-json\/wp\/v2\/types\/product"}],"replies":[{"embeddable":true,"href":"https:\/\/casafreitas.pt\/loja\/wp-json\/wp\/v2\/comments?post=121307"}],"version-history":[{"count":1,"href":"https:\/\/casafreitas.pt\/loja\/wp-json\/wp\/v2\/product\/121307\/revisions"}],"predecessor-version":[{"id":121308,"href":"https:\/\/casafreitas.pt\/loja\/wp-json\/wp\/v2\/product\/121307\/revisions\/121308"}],"wp:featuredmedia":[{"embeddable":true,"href":"https:\/\/casafreitas.pt\/loja\/wp-json\/wp\/v2\/media\/121306"}],"wp:attachment":[{"href":"https:\/\/casafreitas.pt\/loja\/wp-json\/wp\/v2\/media?parent=121307"}],"wp:term":[{"taxonomy":"product_brand","embeddable":true,"href":"https:\/\/casafreitas.pt\/loja\/wp-json\/wp\/v2\/product_brand?post=121307"},{"taxonomy":"product_cat","embeddable":true,"href":"https:\/\/casafreitas.pt\/loja\/wp-json\/wp\/v2\/product_cat?post=121307"},{"taxonomy":"product_tag","embeddable":true,"href":"https:\/\/casafreitas.pt\/loja\/wp-json\/wp\/v2\/product_tag?post=121307"}],"curies":[{"name":"wp","href":"https:\/\/api.w.org\/{rel}","templated":true}]}}