{"id":121301,"date":"2025-10-07T00:43:42","date_gmt":"2025-10-07T00:43:42","guid":{"rendered":"https:\/\/casafreitas.pt\/loja\/produto\/kit-20-unid-saco-confector-descartavel-4-bicois\/"},"modified":"2025-10-24T07:14:30","modified_gmt":"2025-10-24T07:14:30","slug":"kit-20-unid-saco-confector-descartavel-4-bicois","status":"publish","type":"product","link":"https:\/\/casafreitas.pt\/loja\/produto\/kit-20-unid-saco-confector-descartavel-4-bicois\/","title":{"rendered":"Kit 20 unid. saco de confector descart\u00e1vel + 4 bicois"},"content":{"rendered":"","protected":false},"excerpt":{"rendered":"<p>Kit 20 unid. saco de confector descart\u00e1vel + 4 bicois de a\u00e7o inoxid\u00e1vel.<\/p>\n","protected":false},"featured_media":121300,"comment_status":"open","ping_status":"closed","template":"","meta":[],"product_brand":[],"product_cat":[13562,8800],"product_tag":[],"class_list":{"0":"post-121301","1":"product","2":"type-product","3":"status-publish","4":"has-post-thumbnail","6":"product_cat-mangas-pasteleras","7":"product_cat-pequenos-domesticos","9":"first","10":"instock","11":"taxable","12":"shipping-taxable","13":"purchasable","14":"product-type-simple"},"_links":{"self":[{"href":"https:\/\/casafreitas.pt\/loja\/wp-json\/wp\/v2\/product\/121301","targetHints":{"allow":["GET"]}}],"collection":[{"href":"https:\/\/casafreitas.pt\/loja\/wp-json\/wp\/v2\/product"}],"about":[{"href":"https:\/\/casafreitas.pt\/loja\/wp-json\/wp\/v2\/types\/product"}],"replies":[{"embeddable":true,"href":"https:\/\/casafreitas.pt\/loja\/wp-json\/wp\/v2\/comments?post=121301"}],"version-history":[{"count":1,"href":"https:\/\/casafreitas.pt\/loja\/wp-json\/wp\/v2\/product\/121301\/revisions"}],"predecessor-version":[{"id":121302,"href":"https:\/\/casafreitas.pt\/loja\/wp-json\/wp\/v2\/product\/121301\/revisions\/121302"}],"wp:featuredmedia":[{"embeddable":true,"href":"https:\/\/casafreitas.pt\/loja\/wp-json\/wp\/v2\/media\/121300"}],"wp:attachment":[{"href":"https:\/\/casafreitas.pt\/loja\/wp-json\/wp\/v2\/media?parent=121301"}],"wp:term":[{"taxonomy":"product_brand","embeddable":true,"href":"https:\/\/casafreitas.pt\/loja\/wp-json\/wp\/v2\/product_brand?post=121301"},{"taxonomy":"product_cat","embeddable":true,"href":"https:\/\/casafreitas.pt\/loja\/wp-json\/wp\/v2\/product_cat?post=121301"},{"taxonomy":"product_tag","embeddable":true,"href":"https:\/\/casafreitas.pt\/loja\/wp-json\/wp\/v2\/product_tag?post=121301"}],"curies":[{"name":"wp","href":"https:\/\/api.w.org\/{rel}","templated":true}]}}