{"id":121151,"date":"2025-10-07T00:21:59","date_gmt":"2025-10-07T00:21:59","guid":{"rendered":"https:\/\/casafreitas.pt\/loja\/produto\/kit-aperitivos-210000970-excellent-houseware\/"},"modified":"2025-10-24T07:14:17","modified_gmt":"2025-10-24T07:14:17","slug":"kit-aperitivos-210000970-excellent-houseware","status":"publish","type":"product","link":"https:\/\/casafreitas.pt\/loja\/produto\/kit-aperitivos-210000970-excellent-houseware\/","title":{"rendered":"Kit aperitivos, 210000970, excellent houseware"},"content":{"rendered":"","protected":false},"excerpt":{"rendered":"<p>Kit aperitivos, 3 tigelas + t\u00e1bua, tigelas de cer\u00e2mica adequadas para m\u00e1q. lava-loi\u00e7as, t\u00e1bua de bambu n\u00e3o apto para m\u00e1q. lava-loi\u00e7as, tamanho da tigela: 9.5&#215;4.5cm, tamanho da t\u00e1bua: 48x12x1.5cm, 210000970, excellent houseware<\/p>\n","protected":false},"featured_media":121150,"comment_status":"open","ping_status":"closed","template":"","meta":[],"product_brand":[],"product_cat":[17206,8800],"product_tag":[],"class_list":{"0":"post-121151","1":"product","2":"type-product","3":"status-publish","4":"has-post-thumbnail","6":"product_cat-aperitivos-pequenos-domesticos-13","7":"product_cat-pequenos-domesticos","9":"first","10":"instock","11":"taxable","12":"shipping-taxable","13":"purchasable","14":"product-type-simple"},"_links":{"self":[{"href":"https:\/\/casafreitas.pt\/loja\/wp-json\/wp\/v2\/product\/121151","targetHints":{"allow":["GET"]}}],"collection":[{"href":"https:\/\/casafreitas.pt\/loja\/wp-json\/wp\/v2\/product"}],"about":[{"href":"https:\/\/casafreitas.pt\/loja\/wp-json\/wp\/v2\/types\/product"}],"replies":[{"embeddable":true,"href":"https:\/\/casafreitas.pt\/loja\/wp-json\/wp\/v2\/comments?post=121151"}],"version-history":[{"count":1,"href":"https:\/\/casafreitas.pt\/loja\/wp-json\/wp\/v2\/product\/121151\/revisions"}],"predecessor-version":[{"id":121152,"href":"https:\/\/casafreitas.pt\/loja\/wp-json\/wp\/v2\/product\/121151\/revisions\/121152"}],"wp:featuredmedia":[{"embeddable":true,"href":"https:\/\/casafreitas.pt\/loja\/wp-json\/wp\/v2\/media\/121150"}],"wp:attachment":[{"href":"https:\/\/casafreitas.pt\/loja\/wp-json\/wp\/v2\/media?parent=121151"}],"wp:term":[{"taxonomy":"product_brand","embeddable":true,"href":"https:\/\/casafreitas.pt\/loja\/wp-json\/wp\/v2\/product_brand?post=121151"},{"taxonomy":"product_cat","embeddable":true,"href":"https:\/\/casafreitas.pt\/loja\/wp-json\/wp\/v2\/product_cat?post=121151"},{"taxonomy":"product_tag","embeddable":true,"href":"https:\/\/casafreitas.pt\/loja\/wp-json\/wp\/v2\/product_tag?post=121151"}],"curies":[{"name":"wp","href":"https:\/\/api.w.org\/{rel}","templated":true}]}}