{"id":120716,"date":"2025-10-06T22:22:23","date_gmt":"2025-10-06T22:22:23","guid":{"rendered":"https:\/\/casafreitas.pt\/loja\/produto\/rolo-toalha-mesa-pvc-branco-liso-140cm-x-25m-exma\/"},"modified":"2025-10-24T07:13:49","modified_gmt":"2025-10-24T07:13:49","slug":"rolo-toalha-mesa-pvc-branco-liso-140cm-x-25m-exma","status":"publish","type":"product","link":"https:\/\/casafreitas.pt\/loja\/produto\/rolo-toalha-mesa-pvc-branco-liso-140cm-x-25m-exma\/","title":{"rendered":"Rolo toalha de mesa pvc branco liso 140cm x 25m exma"},"content":{"rendered":"","protected":false},"excerpt":{"rendered":"<p>Rolo toalha de mesa pvc branco liso 140cm x 25m exma. toalha de mesa de pvc, gama b\u00e1sic. largura 140cm,comprimento do rolo 25m, cor branco liso. composi\u00e7\u00e3o: l\u00e2mina de pvc com base t\u00eaxtil n\u00e3o-tecida. n\u00e3o lav\u00e1vel. limpar a superf\u00edcie de pvc com um pano humido<\/p>\n","protected":false},"featured_media":120715,"comment_status":"open","ping_status":"closed","template":"","meta":[],"product_brand":[],"product_cat":[17740,18003],"product_tag":[],"class_list":{"0":"post-120716","1":"product","2":"type-product","3":"status-publish","4":"has-post-thumbnail","6":"product_cat-toalhas-de-mesa-confecionadas-corte-a-medida-casa-e-decoracao","7":"product_cat-casa-decoracao","9":"first","10":"instock","11":"taxable","12":"shipping-taxable","13":"purchasable","14":"product-type-simple"},"_links":{"self":[{"href":"https:\/\/casafreitas.pt\/loja\/wp-json\/wp\/v2\/product\/120716","targetHints":{"allow":["GET"]}}],"collection":[{"href":"https:\/\/casafreitas.pt\/loja\/wp-json\/wp\/v2\/product"}],"about":[{"href":"https:\/\/casafreitas.pt\/loja\/wp-json\/wp\/v2\/types\/product"}],"replies":[{"embeddable":true,"href":"https:\/\/casafreitas.pt\/loja\/wp-json\/wp\/v2\/comments?post=120716"}],"version-history":[{"count":1,"href":"https:\/\/casafreitas.pt\/loja\/wp-json\/wp\/v2\/product\/120716\/revisions"}],"predecessor-version":[{"id":120717,"href":"https:\/\/casafreitas.pt\/loja\/wp-json\/wp\/v2\/product\/120716\/revisions\/120717"}],"wp:featuredmedia":[{"embeddable":true,"href":"https:\/\/casafreitas.pt\/loja\/wp-json\/wp\/v2\/media\/120715"}],"wp:attachment":[{"href":"https:\/\/casafreitas.pt\/loja\/wp-json\/wp\/v2\/media?parent=120716"}],"wp:term":[{"taxonomy":"product_brand","embeddable":true,"href":"https:\/\/casafreitas.pt\/loja\/wp-json\/wp\/v2\/product_brand?post=120716"},{"taxonomy":"product_cat","embeddable":true,"href":"https:\/\/casafreitas.pt\/loja\/wp-json\/wp\/v2\/product_cat?post=120716"},{"taxonomy":"product_tag","embeddable":true,"href":"https:\/\/casafreitas.pt\/loja\/wp-json\/wp\/v2\/product_tag?post=120716"}],"curies":[{"name":"wp","href":"https:\/\/api.w.org\/{rel}","templated":true}]}}