{"id":120351,"date":"2025-10-06T16:13:58","date_gmt":"2025-10-06T16:13:58","guid":{"rendered":"https:\/\/casafreitas.pt\/loja\/produto\/estore-rolo-cupfix-noitedia-prateado-150x180cm-cintacor-storplanet\/"},"modified":"2025-10-24T07:13:38","modified_gmt":"2025-10-24T07:13:38","slug":"estore-rolo-cupfix-noitedia-prateado-150x180cm-cintacor-storplanet","status":"publish","type":"product","link":"https:\/\/casafreitas.pt\/loja\/produto\/estore-rolo-cupfix-noitedia-prateado-150x180cm-cintacor-storplanet\/","title":{"rendered":"Estore de rolo cup&amp;fix noite&amp;dia prateado 150x180cm cintacor &#8211; storplanet"},"content":{"rendered":"","protected":false},"excerpt":{"rendered":"<p>Estore de rolo cup&amp;fix noite&amp;dia prateado 150x180cm. estore de rolo noite e dia pr\u00e1tico e vers\u00e1til devido \u00e0s suas diferentes op\u00e7\u00f5es de instala\u00e7\u00e3o: a convencional em teto ou parede; ou a instala\u00e7\u00e3o na moldura da janela em pvc ou alum\u00ednio, sem perfurar. o seu tecido com listas transparentes proporciona o controle da luz e vis\u00e3o do exterior. op\u00e7\u00e3o bloqueio inferior que impede o movimento livre do estore. todos os acess\u00f3rios necess\u00e1rios inclu\u00eddos cintacor &#8211; storplanet<\/p>\n","protected":false},"featured_media":120350,"comment_status":"open","ping_status":"closed","template":"","meta":[],"product_brand":[],"product_cat":[17693,18003],"product_tag":[12505],"class_list":{"0":"post-120351","1":"product","2":"type-product","3":"status-publish","4":"has-post-thumbnail","6":"product_cat-cortinas-casa-e-decoracao","7":"product_cat-casa-decoracao","8":"product_tag-cintacor-storplanet","10":"first","11":"instock","12":"taxable","13":"shipping-taxable","14":"purchasable","15":"product-type-simple"},"_links":{"self":[{"href":"https:\/\/casafreitas.pt\/loja\/wp-json\/wp\/v2\/product\/120351","targetHints":{"allow":["GET"]}}],"collection":[{"href":"https:\/\/casafreitas.pt\/loja\/wp-json\/wp\/v2\/product"}],"about":[{"href":"https:\/\/casafreitas.pt\/loja\/wp-json\/wp\/v2\/types\/product"}],"replies":[{"embeddable":true,"href":"https:\/\/casafreitas.pt\/loja\/wp-json\/wp\/v2\/comments?post=120351"}],"version-history":[{"count":1,"href":"https:\/\/casafreitas.pt\/loja\/wp-json\/wp\/v2\/product\/120351\/revisions"}],"predecessor-version":[{"id":120352,"href":"https:\/\/casafreitas.pt\/loja\/wp-json\/wp\/v2\/product\/120351\/revisions\/120352"}],"wp:featuredmedia":[{"embeddable":true,"href":"https:\/\/casafreitas.pt\/loja\/wp-json\/wp\/v2\/media\/120350"}],"wp:attachment":[{"href":"https:\/\/casafreitas.pt\/loja\/wp-json\/wp\/v2\/media?parent=120351"}],"wp:term":[{"taxonomy":"product_brand","embeddable":true,"href":"https:\/\/casafreitas.pt\/loja\/wp-json\/wp\/v2\/product_brand?post=120351"},{"taxonomy":"product_cat","embeddable":true,"href":"https:\/\/casafreitas.pt\/loja\/wp-json\/wp\/v2\/product_cat?post=120351"},{"taxonomy":"product_tag","embeddable":true,"href":"https:\/\/casafreitas.pt\/loja\/wp-json\/wp\/v2\/product_tag?post=120351"}],"curies":[{"name":"wp","href":"https:\/\/api.w.org\/{rel}","templated":true}]}}