{"id":119913,"date":"2025-10-06T15:08:36","date_gmt":"2025-10-06T15:08:36","guid":{"rendered":"https:\/\/casafreitas.pt\/loja\/produto\/ventoinha-teto-led-3cct-pas-retrateis-antila-mini-xs-35-w-3000-lm-preto-pas-o55-cm-aplique-o32-cm-altura-38-48-cm\/"},"modified":"2025-10-24T07:13:18","modified_gmt":"2025-10-24T07:13:18","slug":"ventoinha-teto-led-3cct-pas-retrateis-antila-mini-xs-35-w-3000-lm-preto-pas-o55-cm-aplique-o32-cm-altura-38-48-cm","status":"publish","type":"product","link":"https:\/\/casafreitas.pt\/loja\/produto\/ventoinha-teto-led-3cct-pas-retrateis-antila-mini-xs-35-w-3000-lm-preto-pas-o55-cm-aplique-o32-cm-altura-38-48-cm\/","title":{"rendered":"Ventoinha de teto, led 3cct, p\u00e1s retr\u00e1teis, antila mini xs, 35 w, 3000 lm, preto, p\u00e1s \u00f855 cm, aplique \u00f832 cm, altura 38 &#8211; 48 cm"},"content":{"rendered":"","protected":false},"excerpt":{"rendered":"<p>Ventoinha de tecto, preto, led 3 cct, modelo antila mini xs, ultra silencioso, com 3 l\u00e2minas de pc transparentes retr\u00e1teis; com motor cc, 35 w, ip20; db m\u00e1x. 40. regul\u00e1vel, tipo de luz: quente 3000 k, dia 4000 k e fria 5700 k, 3000 lm, 6 velocidades. rpm m\u00e1x. 530. fun\u00e7\u00e3o reversa inverno-ver\u00e3o, fun\u00e7\u00e3o brisa, temporizador de 2\/4 h, mem\u00f3ria aceso cct, luz noturna; com comando e suporte de parede para comando inclu\u00eddos (2 pilhas aaa n\u00e3o inclu\u00eddas). fluxo de ar: m\u00e1x. 6000 m\u00b3\/h. vida \u00fatil: 20.000 h 220-240 v 50 hz, dimens\u00f5es: com p\u00e1s \u00f855 cm, aplique \u00f832 cm, altura 38 &#8211; 48 cm<\/p>\n","protected":false},"featured_media":119912,"comment_status":"open","ping_status":"closed","template":"","meta":[],"product_brand":[],"product_cat":[2364,17384],"product_tag":[13371],"class_list":{"0":"post-119913","1":"product","2":"type-product","3":"status-publish","4":"has-post-thumbnail","6":"product_cat-climatizacao","7":"product_cat-ventoinhas-de-teto-climatizacao","8":"product_tag-cristalrecord","10":"first","11":"instock","12":"taxable","13":"shipping-taxable","14":"purchasable","15":"product-type-simple"},"_links":{"self":[{"href":"https:\/\/casafreitas.pt\/loja\/wp-json\/wp\/v2\/product\/119913","targetHints":{"allow":["GET"]}}],"collection":[{"href":"https:\/\/casafreitas.pt\/loja\/wp-json\/wp\/v2\/product"}],"about":[{"href":"https:\/\/casafreitas.pt\/loja\/wp-json\/wp\/v2\/types\/product"}],"replies":[{"embeddable":true,"href":"https:\/\/casafreitas.pt\/loja\/wp-json\/wp\/v2\/comments?post=119913"}],"version-history":[{"count":1,"href":"https:\/\/casafreitas.pt\/loja\/wp-json\/wp\/v2\/product\/119913\/revisions"}],"predecessor-version":[{"id":119914,"href":"https:\/\/casafreitas.pt\/loja\/wp-json\/wp\/v2\/product\/119913\/revisions\/119914"}],"wp:featuredmedia":[{"embeddable":true,"href":"https:\/\/casafreitas.pt\/loja\/wp-json\/wp\/v2\/media\/119912"}],"wp:attachment":[{"href":"https:\/\/casafreitas.pt\/loja\/wp-json\/wp\/v2\/media?parent=119913"}],"wp:term":[{"taxonomy":"product_brand","embeddable":true,"href":"https:\/\/casafreitas.pt\/loja\/wp-json\/wp\/v2\/product_brand?post=119913"},{"taxonomy":"product_cat","embeddable":true,"href":"https:\/\/casafreitas.pt\/loja\/wp-json\/wp\/v2\/product_cat?post=119913"},{"taxonomy":"product_tag","embeddable":true,"href":"https:\/\/casafreitas.pt\/loja\/wp-json\/wp\/v2\/product_tag?post=119913"}],"curies":[{"name":"wp","href":"https:\/\/api.w.org\/{rel}","templated":true}]}}