{"id":119802,"date":"2025-10-06T14:57:11","date_gmt":"2025-10-06T14:57:11","guid":{"rendered":"https:\/\/casafreitas.pt\/loja\/produto\/servico-louca-pequeno-almoco-em-ceramica-branca-16-pecas\/"},"modified":"2025-10-24T07:13:10","modified_gmt":"2025-10-24T07:13:10","slug":"servico-louca-pequeno-almoco-em-ceramica-branca-16-pecas","status":"publish","type":"product","link":"https:\/\/casafreitas.pt\/loja\/produto\/servico-louca-pequeno-almoco-em-ceramica-branca-16-pecas\/","title":{"rendered":"Servi\u00e7o de lou\u00e7a de pequeno almo\u00e7o em cer\u00e2mica branca 16 pe\u00e7as"},"content":{"rendered":"","protected":false},"excerpt":{"rendered":"<p>Servi\u00e7o de lou\u00e7a de pequeno almo\u00e7o em cer\u00e2mica branca com 16 pe\u00e7as, cont\u00e9m 4 pratos de pequeno-almo\u00e7o de \u00f820,5 cm, 4 pratos de \u00f814,5 cm, 4 tigelas de \u00f815,5 cm e 4 ch\u00e1venas de 170 ml, adequados para m\u00e1quina lava-lou\u00e7a e micro-ondas.<\/p>\n","protected":false},"featured_media":119801,"comment_status":"open","ping_status":"closed","template":"","meta":[],"product_brand":[],"product_cat":[8800,16919],"product_tag":[],"class_list":{"0":"post-119802","1":"product","2":"type-product","3":"status-publish","4":"has-post-thumbnail","6":"product_cat-pequenos-domesticos","7":"product_cat-servicos-de-mesa-pequenos-domesticos-16","9":"first","10":"instock","11":"taxable","12":"shipping-taxable","13":"purchasable","14":"product-type-simple"},"_links":{"self":[{"href":"https:\/\/casafreitas.pt\/loja\/wp-json\/wp\/v2\/product\/119802","targetHints":{"allow":["GET"]}}],"collection":[{"href":"https:\/\/casafreitas.pt\/loja\/wp-json\/wp\/v2\/product"}],"about":[{"href":"https:\/\/casafreitas.pt\/loja\/wp-json\/wp\/v2\/types\/product"}],"replies":[{"embeddable":true,"href":"https:\/\/casafreitas.pt\/loja\/wp-json\/wp\/v2\/comments?post=119802"}],"version-history":[{"count":1,"href":"https:\/\/casafreitas.pt\/loja\/wp-json\/wp\/v2\/product\/119802\/revisions"}],"predecessor-version":[{"id":119803,"href":"https:\/\/casafreitas.pt\/loja\/wp-json\/wp\/v2\/product\/119802\/revisions\/119803"}],"wp:featuredmedia":[{"embeddable":true,"href":"https:\/\/casafreitas.pt\/loja\/wp-json\/wp\/v2\/media\/119801"}],"wp:attachment":[{"href":"https:\/\/casafreitas.pt\/loja\/wp-json\/wp\/v2\/media?parent=119802"}],"wp:term":[{"taxonomy":"product_brand","embeddable":true,"href":"https:\/\/casafreitas.pt\/loja\/wp-json\/wp\/v2\/product_brand?post=119802"},{"taxonomy":"product_cat","embeddable":true,"href":"https:\/\/casafreitas.pt\/loja\/wp-json\/wp\/v2\/product_cat?post=119802"},{"taxonomy":"product_tag","embeddable":true,"href":"https:\/\/casafreitas.pt\/loja\/wp-json\/wp\/v2\/product_tag?post=119802"}],"curies":[{"name":"wp","href":"https:\/\/api.w.org\/{rel}","templated":true}]}}