{"id":119712,"date":"2025-10-06T14:44:09","date_gmt":"2025-10-06T14:44:09","guid":{"rendered":"https:\/\/casafreitas.pt\/loja\/produto\/esmalte-sintetico-metalico-antioxidante-liso-brilhante-branco-250-ml\/"},"modified":"2025-10-24T07:13:04","modified_gmt":"2025-10-24T07:13:04","slug":"esmalte-sintetico-metalico-antioxidante-liso-brilhante-branco-250-ml","status":"publish","type":"product","link":"https:\/\/casafreitas.pt\/loja\/produto\/esmalte-sintetico-metalico-antioxidante-liso-brilhante-branco-250-ml\/","title":{"rendered":"Esmalte sint\u00e9tico met\u00e1lico antioxidante liso brilhante branco 250 ml"},"content":{"rendered":"","protected":false},"excerpt":{"rendered":"<p>Esmalte sint\u00e9tico met\u00e1lico antioxidante liso brilhante branco 250 ml. esmalte antioxidante de secagem r\u00e1pida, de aplica\u00e7\u00e3o direta sobre a\u00e7o e \u00f3xido sem necessidade de usar um prim\u00e1rio. proporciona uma excelente resist\u00eancia \u00e0 intemp\u00e9rie de at\u00e9 10 anos e um acabamento altamente brilhante, de grande ader\u00eancia, dureza e resist\u00eancia a pancadas e riscos. pode dar a segunda dem\u00e3o ap\u00f3s 2 horas<\/p>\n","protected":false},"featured_media":119711,"comment_status":"open","ping_status":"closed","template":"","meta":[],"product_brand":[],"product_cat":[17657,18004],"product_tag":[13337],"class_list":{"0":"post-119712","1":"product","2":"type-product","3":"status-publish","4":"has-post-thumbnail","6":"product_cat-tinta-para-ferro-e-aco-construcao","7":"product_cat-construcao","8":"product_tag-oxiron","10":"first","11":"instock","12":"taxable","13":"shipping-taxable","14":"purchasable","15":"product-type-simple"},"_links":{"self":[{"href":"https:\/\/casafreitas.pt\/loja\/wp-json\/wp\/v2\/product\/119712","targetHints":{"allow":["GET"]}}],"collection":[{"href":"https:\/\/casafreitas.pt\/loja\/wp-json\/wp\/v2\/product"}],"about":[{"href":"https:\/\/casafreitas.pt\/loja\/wp-json\/wp\/v2\/types\/product"}],"replies":[{"embeddable":true,"href":"https:\/\/casafreitas.pt\/loja\/wp-json\/wp\/v2\/comments?post=119712"}],"version-history":[{"count":1,"href":"https:\/\/casafreitas.pt\/loja\/wp-json\/wp\/v2\/product\/119712\/revisions"}],"predecessor-version":[{"id":119713,"href":"https:\/\/casafreitas.pt\/loja\/wp-json\/wp\/v2\/product\/119712\/revisions\/119713"}],"wp:featuredmedia":[{"embeddable":true,"href":"https:\/\/casafreitas.pt\/loja\/wp-json\/wp\/v2\/media\/119711"}],"wp:attachment":[{"href":"https:\/\/casafreitas.pt\/loja\/wp-json\/wp\/v2\/media?parent=119712"}],"wp:term":[{"taxonomy":"product_brand","embeddable":true,"href":"https:\/\/casafreitas.pt\/loja\/wp-json\/wp\/v2\/product_brand?post=119712"},{"taxonomy":"product_cat","embeddable":true,"href":"https:\/\/casafreitas.pt\/loja\/wp-json\/wp\/v2\/product_cat?post=119712"},{"taxonomy":"product_tag","embeddable":true,"href":"https:\/\/casafreitas.pt\/loja\/wp-json\/wp\/v2\/product_tag?post=119712"}],"curies":[{"name":"wp","href":"https:\/\/api.w.org\/{rel}","templated":true}]}}