{"id":119694,"date":"2025-10-06T14:42:00","date_gmt":"2025-10-06T14:42:00","guid":{"rendered":"https:\/\/casafreitas.pt\/loja\/produto\/esmalte-sintetico-metalico-antioxidante-forja-preto-4-l\/"},"modified":"2025-10-24T07:13:02","modified_gmt":"2025-10-24T07:13:02","slug":"esmalte-sintetico-metalico-antioxidante-forja-preto-4-l","status":"publish","type":"product","link":"https:\/\/casafreitas.pt\/loja\/produto\/esmalte-sintetico-metalico-antioxidante-forja-preto-4-l\/","title":{"rendered":"Esmalte sint\u00e9tico met\u00e1lico antioxidante forja preto 4 l"},"content":{"rendered":"","protected":false},"excerpt":{"rendered":"<p>Esmalte sint\u00e9tico met\u00e1lico antioxidante forja preto 4 l de altos s\u00f3lidos, de grande ader\u00eancia, elasticidade e resist\u00eancia \u00e0 intemp\u00e9rie, de aplica\u00e7\u00e3o direta sobre a\u00e7o e \u00f3xido sem necessidade de pr\u00e9-prepara\u00e7\u00e3o. excelente prote\u00e7\u00e3o e decora\u00e7\u00e3o de qualquer superf\u00edcie de ferro, \u00e0s que proporciona um acabamento met\u00e1lico natural tipo forja. excelente aplica\u00e7\u00e3o com trincha ou rolo, amplo tempo aberto, que facilita os retoques. pode misturar as cores. cores altamente s\u00f3lidas \u00e0 luz<\/p>\n","protected":false},"featured_media":119693,"comment_status":"open","ping_status":"closed","template":"","meta":[],"product_brand":[],"product_cat":[17657,18004],"product_tag":[13337],"class_list":{"0":"post-119694","1":"product","2":"type-product","3":"status-publish","4":"has-post-thumbnail","6":"product_cat-tinta-para-ferro-e-aco-construcao","7":"product_cat-construcao","8":"product_tag-oxiron","10":"first","11":"instock","12":"taxable","13":"shipping-taxable","14":"purchasable","15":"product-type-simple"},"_links":{"self":[{"href":"https:\/\/casafreitas.pt\/loja\/wp-json\/wp\/v2\/product\/119694","targetHints":{"allow":["GET"]}}],"collection":[{"href":"https:\/\/casafreitas.pt\/loja\/wp-json\/wp\/v2\/product"}],"about":[{"href":"https:\/\/casafreitas.pt\/loja\/wp-json\/wp\/v2\/types\/product"}],"replies":[{"embeddable":true,"href":"https:\/\/casafreitas.pt\/loja\/wp-json\/wp\/v2\/comments?post=119694"}],"version-history":[{"count":1,"href":"https:\/\/casafreitas.pt\/loja\/wp-json\/wp\/v2\/product\/119694\/revisions"}],"predecessor-version":[{"id":119695,"href":"https:\/\/casafreitas.pt\/loja\/wp-json\/wp\/v2\/product\/119694\/revisions\/119695"}],"wp:featuredmedia":[{"embeddable":true,"href":"https:\/\/casafreitas.pt\/loja\/wp-json\/wp\/v2\/media\/119693"}],"wp:attachment":[{"href":"https:\/\/casafreitas.pt\/loja\/wp-json\/wp\/v2\/media?parent=119694"}],"wp:term":[{"taxonomy":"product_brand","embeddable":true,"href":"https:\/\/casafreitas.pt\/loja\/wp-json\/wp\/v2\/product_brand?post=119694"},{"taxonomy":"product_cat","embeddable":true,"href":"https:\/\/casafreitas.pt\/loja\/wp-json\/wp\/v2\/product_cat?post=119694"},{"taxonomy":"product_tag","embeddable":true,"href":"https:\/\/casafreitas.pt\/loja\/wp-json\/wp\/v2\/product_tag?post=119694"}],"curies":[{"name":"wp","href":"https:\/\/api.w.org\/{rel}","templated":true}]}}