{"id":119625,"date":"2025-10-06T14:34:33","date_gmt":"2025-10-06T14:34:33","guid":{"rendered":"https:\/\/casafreitas.pt\/loja\/produto\/rust-oleum-moveis-com-acabamento-gestao-verde-laurel-750-ml\/"},"modified":"2025-10-24T07:12:58","modified_gmt":"2025-10-24T07:12:58","slug":"rust-oleum-moveis-com-acabamento-gestao-verde-laurel-750-ml","status":"publish","type":"product","link":"https:\/\/casafreitas.pt\/loja\/produto\/rust-oleum-moveis-com-acabamento-gestao-verde-laurel-750-ml\/","title":{"rendered":"Rust-oleum m\u00f3veis com acabamento de gest\u00e3o verde laurel 750 ml"},"content":{"rendered":"","protected":false},"excerpt":{"rendered":"<p>Rust-oleum mov\u00e9is com acabamento de gest\u00e3o verde laurel 750 ml. tinta \u00e1gua de efeito giz, pode ser aplicada em todos os tipos de superf\u00edcies como madeira, metal, pedra, argilo, gesso ou mesmo pl\u00e1stico, com excelente resultado. permite personalizar desde um vaso antigo, um l\u00e2mpada, um cesto de praia ou at\u00e9 almofadas, pois tamb\u00e9m pode ser aplicado em tecido<\/p>\n","protected":false},"featured_media":119624,"comment_status":"open","ping_status":"closed","template":"","meta":[],"product_brand":[],"product_cat":[17548,18004],"product_tag":[],"class_list":{"0":"post-119625","1":"product","2":"type-product","3":"status-publish","4":"has-post-thumbnail","6":"product_cat-efeitos-construcao","7":"product_cat-construcao","9":"first","10":"instock","11":"taxable","12":"shipping-taxable","13":"purchasable","14":"product-type-simple"},"_links":{"self":[{"href":"https:\/\/casafreitas.pt\/loja\/wp-json\/wp\/v2\/product\/119625","targetHints":{"allow":["GET"]}}],"collection":[{"href":"https:\/\/casafreitas.pt\/loja\/wp-json\/wp\/v2\/product"}],"about":[{"href":"https:\/\/casafreitas.pt\/loja\/wp-json\/wp\/v2\/types\/product"}],"replies":[{"embeddable":true,"href":"https:\/\/casafreitas.pt\/loja\/wp-json\/wp\/v2\/comments?post=119625"}],"version-history":[{"count":1,"href":"https:\/\/casafreitas.pt\/loja\/wp-json\/wp\/v2\/product\/119625\/revisions"}],"predecessor-version":[{"id":119626,"href":"https:\/\/casafreitas.pt\/loja\/wp-json\/wp\/v2\/product\/119625\/revisions\/119626"}],"wp:featuredmedia":[{"embeddable":true,"href":"https:\/\/casafreitas.pt\/loja\/wp-json\/wp\/v2\/media\/119624"}],"wp:attachment":[{"href":"https:\/\/casafreitas.pt\/loja\/wp-json\/wp\/v2\/media?parent=119625"}],"wp:term":[{"taxonomy":"product_brand","embeddable":true,"href":"https:\/\/casafreitas.pt\/loja\/wp-json\/wp\/v2\/product_brand?post=119625"},{"taxonomy":"product_cat","embeddable":true,"href":"https:\/\/casafreitas.pt\/loja\/wp-json\/wp\/v2\/product_cat?post=119625"},{"taxonomy":"product_tag","embeddable":true,"href":"https:\/\/casafreitas.pt\/loja\/wp-json\/wp\/v2\/product_tag?post=119625"}],"curies":[{"name":"wp","href":"https:\/\/api.w.org\/{rel}","templated":true}]}}