{"id":119601,"date":"2025-10-06T14:32:14","date_gmt":"2025-10-06T14:32:14","guid":{"rendered":"https:\/\/casafreitas.pt\/loja\/produto\/verniz-sintetico-intemperie-brilhante-incolor-750-ml\/"},"modified":"2025-10-24T07:12:56","modified_gmt":"2025-10-24T07:12:56","slug":"verniz-sintetico-intemperie-brilhante-incolor-750-ml","status":"publish","type":"product","link":"https:\/\/casafreitas.pt\/loja\/produto\/verniz-sintetico-intemperie-brilhante-incolor-750-ml\/","title":{"rendered":"Verniz sint\u00e9tico intemp\u00e9rie brilhante incolor 750 ml"},"content":{"rendered":"","protected":false},"excerpt":{"rendered":"<p>Verniz sint\u00e9tico intemp\u00e9rie brilhante incolor 750 ml. verniz sint\u00e9tico de grande dureza e elasticidade, elevada resist\u00eancia \u00e0 intemp\u00e9rie (climas extremos). grande poder de humecta\u00e7\u00e3o e ader\u00eancia sobre madeira. cont\u00e9m filtros ultravioleta. alta prote\u00e7\u00e3o e decora\u00e7\u00e3o para todo o tipo de madeiras no exterior, em torres, vivendas, refugios, etc. em condi\u00e7\u00f5es extremas ou ambientes duros, tanto urbans como rurais e na cimas de uma montanha<\/p>\n","protected":false},"featured_media":119600,"comment_status":"open","ping_status":"closed","template":"","meta":[],"product_brand":[],"product_cat":[17677,18004],"product_tag":[],"class_list":{"0":"post-119601","1":"product","2":"type-product","3":"status-publish","4":"has-post-thumbnail","6":"product_cat-vernizes-lacas-e-oleos-construcao","7":"product_cat-construcao","9":"first","10":"instock","11":"taxable","12":"shipping-taxable","13":"purchasable","14":"product-type-simple"},"_links":{"self":[{"href":"https:\/\/casafreitas.pt\/loja\/wp-json\/wp\/v2\/product\/119601","targetHints":{"allow":["GET"]}}],"collection":[{"href":"https:\/\/casafreitas.pt\/loja\/wp-json\/wp\/v2\/product"}],"about":[{"href":"https:\/\/casafreitas.pt\/loja\/wp-json\/wp\/v2\/types\/product"}],"replies":[{"embeddable":true,"href":"https:\/\/casafreitas.pt\/loja\/wp-json\/wp\/v2\/comments?post=119601"}],"version-history":[{"count":1,"href":"https:\/\/casafreitas.pt\/loja\/wp-json\/wp\/v2\/product\/119601\/revisions"}],"predecessor-version":[{"id":119602,"href":"https:\/\/casafreitas.pt\/loja\/wp-json\/wp\/v2\/product\/119601\/revisions\/119602"}],"wp:featuredmedia":[{"embeddable":true,"href":"https:\/\/casafreitas.pt\/loja\/wp-json\/wp\/v2\/media\/119600"}],"wp:attachment":[{"href":"https:\/\/casafreitas.pt\/loja\/wp-json\/wp\/v2\/media?parent=119601"}],"wp:term":[{"taxonomy":"product_brand","embeddable":true,"href":"https:\/\/casafreitas.pt\/loja\/wp-json\/wp\/v2\/product_brand?post=119601"},{"taxonomy":"product_cat","embeddable":true,"href":"https:\/\/casafreitas.pt\/loja\/wp-json\/wp\/v2\/product_cat?post=119601"},{"taxonomy":"product_tag","embeddable":true,"href":"https:\/\/casafreitas.pt\/loja\/wp-json\/wp\/v2\/product_tag?post=119601"}],"curies":[{"name":"wp","href":"https:\/\/api.w.org\/{rel}","templated":true}]}}