{"id":119520,"date":"2025-10-06T14:24:43","date_gmt":"2025-10-06T14:24:43","guid":{"rendered":"https:\/\/casafreitas.pt\/loja\/produto\/tinta-para-piscinas-sereia-base-aquosa-cor-azul-mate-4-l\/"},"modified":"2025-10-24T07:12:49","modified_gmt":"2025-10-24T07:12:49","slug":"tinta-para-piscinas-sereia-base-aquosa-cor-azul-mate-4-l","status":"publish","type":"product","link":"https:\/\/casafreitas.pt\/loja\/produto\/tinta-para-piscinas-sereia-base-aquosa-cor-azul-mate-4-l\/","title":{"rendered":"Tinta para piscinas sereia base aquosa cor azul mate 4 l"},"content":{"rendered":"","protected":false},"excerpt":{"rendered":"<p>Tinta para piscinas sereia base aquosa cor azul mate 4 l. tinta de base aquosa mate especial para piscinas de cimento ou bet\u00e3o, f\u00e1cil de aplicar e de secagem r\u00e1pida. a pel\u00edcula que forma a tinta apresenta uma grande resist\u00eancia \u00e0 forma\u00e7\u00e3o de algas 8 &#8211; 10 m\u00b2\/l<\/p>\n","protected":false},"featured_media":119519,"comment_status":"open","ping_status":"closed","template":"","meta":[],"product_brand":[],"product_cat":[17658,18004],"product_tag":[],"class_list":{"0":"post-119520","1":"product","2":"type-product","3":"status-publish","4":"has-post-thumbnail","6":"product_cat-tinta-para-piscina-construcao","7":"product_cat-construcao","9":"first","10":"instock","11":"taxable","12":"shipping-taxable","13":"purchasable","14":"product-type-simple"},"_links":{"self":[{"href":"https:\/\/casafreitas.pt\/loja\/wp-json\/wp\/v2\/product\/119520","targetHints":{"allow":["GET"]}}],"collection":[{"href":"https:\/\/casafreitas.pt\/loja\/wp-json\/wp\/v2\/product"}],"about":[{"href":"https:\/\/casafreitas.pt\/loja\/wp-json\/wp\/v2\/types\/product"}],"replies":[{"embeddable":true,"href":"https:\/\/casafreitas.pt\/loja\/wp-json\/wp\/v2\/comments?post=119520"}],"version-history":[{"count":1,"href":"https:\/\/casafreitas.pt\/loja\/wp-json\/wp\/v2\/product\/119520\/revisions"}],"predecessor-version":[{"id":119521,"href":"https:\/\/casafreitas.pt\/loja\/wp-json\/wp\/v2\/product\/119520\/revisions\/119521"}],"wp:featuredmedia":[{"embeddable":true,"href":"https:\/\/casafreitas.pt\/loja\/wp-json\/wp\/v2\/media\/119519"}],"wp:attachment":[{"href":"https:\/\/casafreitas.pt\/loja\/wp-json\/wp\/v2\/media?parent=119520"}],"wp:term":[{"taxonomy":"product_brand","embeddable":true,"href":"https:\/\/casafreitas.pt\/loja\/wp-json\/wp\/v2\/product_brand?post=119520"},{"taxonomy":"product_cat","embeddable":true,"href":"https:\/\/casafreitas.pt\/loja\/wp-json\/wp\/v2\/product_cat?post=119520"},{"taxonomy":"product_tag","embeddable":true,"href":"https:\/\/casafreitas.pt\/loja\/wp-json\/wp\/v2\/product_tag?post=119520"}],"curies":[{"name":"wp","href":"https:\/\/api.w.org\/{rel}","templated":true}]}}