{"id":119517,"date":"2025-10-06T14:24:02","date_gmt":"2025-10-06T14:24:02","guid":{"rendered":"https:\/\/casafreitas.pt\/loja\/produto\/polimento-125-ml\/"},"modified":"2025-11-18T22:00:58","modified_gmt":"2025-11-18T22:00:58","slug":"polimento-125-ml","status":"publish","type":"product","link":"https:\/\/casafreitas.pt\/loja\/produto\/polimento-125-ml\/","title":{"rendered":"Polimento 125 ml"},"content":{"rendered":"","protected":false},"excerpt":{"rendered":"<p>Polimento 125 ml. renova, limpa, pule, abrilhanta e protege. contem silicones que repelem a \u00e1gua, a sujidade e o p\u00f3; hidrofugam as superf\u00edcies pintadas, lacadas ou envernizadas e aumentam-lhes a resist\u00eancia aos riscos. de grande rendimento e f\u00e1cil de aplicar<\/p>\n","protected":false},"featured_media":119516,"comment_status":"open","ping_status":"closed","template":"","meta":[],"product_brand":[],"product_cat":[17628,18004],"product_tag":[],"class_list":{"0":"post-119517","1":"product","2":"type-product","3":"status-publish","4":"has-post-thumbnail","6":"product_cat-polir-abrilhantar-construcao","7":"product_cat-construcao","9":"first","10":"instock","11":"taxable","12":"shipping-taxable","13":"purchasable","14":"product-type-simple"},"_links":{"self":[{"href":"https:\/\/casafreitas.pt\/loja\/wp-json\/wp\/v2\/product\/119517","targetHints":{"allow":["GET"]}}],"collection":[{"href":"https:\/\/casafreitas.pt\/loja\/wp-json\/wp\/v2\/product"}],"about":[{"href":"https:\/\/casafreitas.pt\/loja\/wp-json\/wp\/v2\/types\/product"}],"replies":[{"embeddable":true,"href":"https:\/\/casafreitas.pt\/loja\/wp-json\/wp\/v2\/comments?post=119517"}],"version-history":[{"count":1,"href":"https:\/\/casafreitas.pt\/loja\/wp-json\/wp\/v2\/product\/119517\/revisions"}],"predecessor-version":[{"id":119518,"href":"https:\/\/casafreitas.pt\/loja\/wp-json\/wp\/v2\/product\/119517\/revisions\/119518"}],"wp:featuredmedia":[{"embeddable":true,"href":"https:\/\/casafreitas.pt\/loja\/wp-json\/wp\/v2\/media\/119516"}],"wp:attachment":[{"href":"https:\/\/casafreitas.pt\/loja\/wp-json\/wp\/v2\/media?parent=119517"}],"wp:term":[{"taxonomy":"product_brand","embeddable":true,"href":"https:\/\/casafreitas.pt\/loja\/wp-json\/wp\/v2\/product_brand?post=119517"},{"taxonomy":"product_cat","embeddable":true,"href":"https:\/\/casafreitas.pt\/loja\/wp-json\/wp\/v2\/product_cat?post=119517"},{"taxonomy":"product_tag","embeddable":true,"href":"https:\/\/casafreitas.pt\/loja\/wp-json\/wp\/v2\/product_tag?post=119517"}],"curies":[{"name":"wp","href":"https:\/\/api.w.org\/{rel}","templated":true}]}}