{"id":119487,"date":"2025-10-06T14:21:01","date_gmt":"2025-10-06T14:21:01","guid":{"rendered":"https:\/\/casafreitas.pt\/loja\/produto\/tinta-plastica-acrilica-estirenada-para-fachadas-internas-externas-branco-fosco-4-l\/"},"modified":"2025-10-24T07:12:47","modified_gmt":"2025-10-24T07:12:47","slug":"tinta-plastica-acrilica-estirenada-para-fachadas-internas-externas-branco-fosco-4-l","status":"publish","type":"product","link":"https:\/\/casafreitas.pt\/loja\/produto\/tinta-plastica-acrilica-estirenada-para-fachadas-internas-externas-branco-fosco-4-l\/","title":{"rendered":"Tinta pl\u00e1stica acr\u00edlica estirenada para fachadas internas\/externas branco fosco 4 l"},"content":{"rendered":"","protected":false},"excerpt":{"rendered":"<p>Tinta pl\u00e1stica acr\u00edlica estirenada para fachadas internas\/externas branco fosco 4 l. para decora\u00e7\u00e3o e prote\u00e7\u00e3o de fachadas e morteiros monocapa. branco inalter\u00e1vel com alto poder de cobertura. imperme\u00e1vel, transpirante. boa resist\u00eancia \u00e0 intemp\u00e9rie. com conservante anti-humidade<\/p>\n","protected":false},"featured_media":119486,"comment_status":"open","ping_status":"closed","template":"","meta":[],"product_brand":[],"product_cat":[17626,18004],"product_tag":[],"class_list":{"0":"post-119487","1":"product","2":"type-product","3":"status-publish","4":"has-post-thumbnail","6":"product_cat-plastico-interior-exterior-construcao","7":"product_cat-construcao","9":"first","10":"instock","11":"taxable","12":"shipping-taxable","13":"purchasable","14":"product-type-simple"},"_links":{"self":[{"href":"https:\/\/casafreitas.pt\/loja\/wp-json\/wp\/v2\/product\/119487","targetHints":{"allow":["GET"]}}],"collection":[{"href":"https:\/\/casafreitas.pt\/loja\/wp-json\/wp\/v2\/product"}],"about":[{"href":"https:\/\/casafreitas.pt\/loja\/wp-json\/wp\/v2\/types\/product"}],"replies":[{"embeddable":true,"href":"https:\/\/casafreitas.pt\/loja\/wp-json\/wp\/v2\/comments?post=119487"}],"version-history":[{"count":1,"href":"https:\/\/casafreitas.pt\/loja\/wp-json\/wp\/v2\/product\/119487\/revisions"}],"predecessor-version":[{"id":119488,"href":"https:\/\/casafreitas.pt\/loja\/wp-json\/wp\/v2\/product\/119487\/revisions\/119488"}],"wp:featuredmedia":[{"embeddable":true,"href":"https:\/\/casafreitas.pt\/loja\/wp-json\/wp\/v2\/media\/119486"}],"wp:attachment":[{"href":"https:\/\/casafreitas.pt\/loja\/wp-json\/wp\/v2\/media?parent=119487"}],"wp:term":[{"taxonomy":"product_brand","embeddable":true,"href":"https:\/\/casafreitas.pt\/loja\/wp-json\/wp\/v2\/product_brand?post=119487"},{"taxonomy":"product_cat","embeddable":true,"href":"https:\/\/casafreitas.pt\/loja\/wp-json\/wp\/v2\/product_cat?post=119487"},{"taxonomy":"product_tag","embeddable":true,"href":"https:\/\/casafreitas.pt\/loja\/wp-json\/wp\/v2\/product_tag?post=119487"}],"curies":[{"name":"wp","href":"https:\/\/api.w.org\/{rel}","templated":true}]}}