{"id":119403,"date":"2025-10-06T14:12:55","date_gmt":"2025-10-06T14:12:55","guid":{"rendered":"https:\/\/casafreitas.pt\/loja\/produto\/esmalte-ecologico-base-agua-acetinado-branco-750-ml\/"},"modified":"2025-10-24T07:12:42","modified_gmt":"2025-10-24T07:12:42","slug":"esmalte-ecologico-base-agua-acetinado-branco-750-ml","status":"publish","type":"product","link":"https:\/\/casafreitas.pt\/loja\/produto\/esmalte-ecologico-base-agua-acetinado-branco-750-ml\/","title":{"rendered":"Esmalte ecol\u00f3gico \u00e0 base de \u00e1gua acetinado branco 750 ml"},"content":{"rendered":"","protected":false},"excerpt":{"rendered":"<p>Esmalte ecol\u00f3gico \u00e0 base de \u00e1gua acetinado branco 750 ml de m\u00e1xima qualidade e uso universal. decora e protege com apenas uma dem\u00e3o. com conservante anti-humidade. branco inalter\u00e1vel, n\u00e3o fica amarelo e conserva as cores e o brilho. respeita o meio ambiente e as pessoas. f\u00e1cil de aplicar. sem odor. seca rapidamente e proporciona um acabamento profissional, o que permite voltar usar a zona ap\u00f3s pouca horas de ter sido pintada. grande resist\u00eancia a produtos de limpeza dom\u00e9sticos, manchas (caf\u00e9, vinho, molhos, gorduras&#8230;) roces, pancadas e \u00e0 intemp\u00e9rie. n\u00e3o deixa marcas de pincel. 0% disolventes alif\u00e1ticos e arom\u00e1ticos, 0% metil etil cetoxima e 0% metais pesados<\/p>\n","protected":false},"featured_media":119402,"comment_status":"open","ping_status":"closed","template":"","meta":[],"product_brand":[],"product_cat":[17555,18004],"product_tag":[],"class_list":{"0":"post-119403","1":"product","2":"type-product","3":"status-publish","4":"has-post-thumbnail","6":"product_cat-esmaltes-multi-superficies-a-base-de-agua-construcao","7":"product_cat-construcao","9":"first","10":"instock","11":"taxable","12":"shipping-taxable","13":"purchasable","14":"product-type-simple"},"_links":{"self":[{"href":"https:\/\/casafreitas.pt\/loja\/wp-json\/wp\/v2\/product\/119403","targetHints":{"allow":["GET"]}}],"collection":[{"href":"https:\/\/casafreitas.pt\/loja\/wp-json\/wp\/v2\/product"}],"about":[{"href":"https:\/\/casafreitas.pt\/loja\/wp-json\/wp\/v2\/types\/product"}],"replies":[{"embeddable":true,"href":"https:\/\/casafreitas.pt\/loja\/wp-json\/wp\/v2\/comments?post=119403"}],"version-history":[{"count":1,"href":"https:\/\/casafreitas.pt\/loja\/wp-json\/wp\/v2\/product\/119403\/revisions"}],"predecessor-version":[{"id":119404,"href":"https:\/\/casafreitas.pt\/loja\/wp-json\/wp\/v2\/product\/119403\/revisions\/119404"}],"wp:featuredmedia":[{"embeddable":true,"href":"https:\/\/casafreitas.pt\/loja\/wp-json\/wp\/v2\/media\/119402"}],"wp:attachment":[{"href":"https:\/\/casafreitas.pt\/loja\/wp-json\/wp\/v2\/media?parent=119403"}],"wp:term":[{"taxonomy":"product_brand","embeddable":true,"href":"https:\/\/casafreitas.pt\/loja\/wp-json\/wp\/v2\/product_brand?post=119403"},{"taxonomy":"product_cat","embeddable":true,"href":"https:\/\/casafreitas.pt\/loja\/wp-json\/wp\/v2\/product_cat?post=119403"},{"taxonomy":"product_tag","embeddable":true,"href":"https:\/\/casafreitas.pt\/loja\/wp-json\/wp\/v2\/product_tag?post=119403"}],"curies":[{"name":"wp","href":"https:\/\/api.w.org\/{rel}","templated":true}]}}