{"id":119124,"date":"2025-10-06T09:12:26","date_gmt":"2025-10-06T09:12:26","guid":{"rendered":"https:\/\/casafreitas.pt\/loja\/produto\/rust-oleum-chalky-finish-moveis-antracita-750-ml\/"},"modified":"2025-10-24T07:12:29","modified_gmt":"2025-10-24T07:12:29","slug":"rust-oleum-chalky-finish-moveis-antracita-750-ml","status":"publish","type":"product","link":"https:\/\/casafreitas.pt\/loja\/produto\/rust-oleum-chalky-finish-moveis-antracita-750-ml\/","title":{"rendered":"Rust-oleum chalky finish m\u00f3veis antracita 750 ml"},"content":{"rendered":"","protected":false},"excerpt":{"rendered":"<p>Rust-oleum chalky finish m\u00f3veis antracita 750 ml. pintura efeito giz para um acabamento mate vintage. pintura a \u00e1gua, com o m\u00ednimo de olor. acabamento ultra-mate, efeito empoeirado, grande poder de cobertura em uma dem\u00e3o<\/p>\n","protected":false},"featured_media":119123,"comment_status":"open","ping_status":"closed","template":"","meta":[],"product_brand":[],"product_cat":[17548,18004],"product_tag":[],"class_list":{"0":"post-119124","1":"product","2":"type-product","3":"status-publish","4":"has-post-thumbnail","6":"product_cat-efeitos-construcao","7":"product_cat-construcao","9":"first","10":"instock","11":"taxable","12":"shipping-taxable","13":"purchasable","14":"product-type-simple"},"_links":{"self":[{"href":"https:\/\/casafreitas.pt\/loja\/wp-json\/wp\/v2\/product\/119124","targetHints":{"allow":["GET"]}}],"collection":[{"href":"https:\/\/casafreitas.pt\/loja\/wp-json\/wp\/v2\/product"}],"about":[{"href":"https:\/\/casafreitas.pt\/loja\/wp-json\/wp\/v2\/types\/product"}],"replies":[{"embeddable":true,"href":"https:\/\/casafreitas.pt\/loja\/wp-json\/wp\/v2\/comments?post=119124"}],"version-history":[{"count":1,"href":"https:\/\/casafreitas.pt\/loja\/wp-json\/wp\/v2\/product\/119124\/revisions"}],"predecessor-version":[{"id":119125,"href":"https:\/\/casafreitas.pt\/loja\/wp-json\/wp\/v2\/product\/119124\/revisions\/119125"}],"wp:featuredmedia":[{"embeddable":true,"href":"https:\/\/casafreitas.pt\/loja\/wp-json\/wp\/v2\/media\/119123"}],"wp:attachment":[{"href":"https:\/\/casafreitas.pt\/loja\/wp-json\/wp\/v2\/media?parent=119124"}],"wp:term":[{"taxonomy":"product_brand","embeddable":true,"href":"https:\/\/casafreitas.pt\/loja\/wp-json\/wp\/v2\/product_brand?post=119124"},{"taxonomy":"product_cat","embeddable":true,"href":"https:\/\/casafreitas.pt\/loja\/wp-json\/wp\/v2\/product_cat?post=119124"},{"taxonomy":"product_tag","embeddable":true,"href":"https:\/\/casafreitas.pt\/loja\/wp-json\/wp\/v2\/product_tag?post=119124"}],"curies":[{"name":"wp","href":"https:\/\/api.w.org\/{rel}","templated":true}]}}