{"id":119121,"date":"2025-10-06T09:12:07","date_gmt":"2025-10-06T09:12:07","guid":{"rendered":"https:\/\/casafreitas.pt\/loja\/produto\/tinta-plastica-acrilica-estireno-interior-exterior-branco-fosco-15-l\/"},"modified":"2025-10-24T07:12:28","modified_gmt":"2025-10-24T07:12:28","slug":"tinta-plastica-acrilica-estireno-interior-exterior-branco-fosco-15-l","status":"publish","type":"product","link":"https:\/\/casafreitas.pt\/loja\/produto\/tinta-plastica-acrilica-estireno-interior-exterior-branco-fosco-15-l\/","title":{"rendered":"Tinta pl\u00e1stica acr\u00edlica estireno interior\/exterior branco fosco 15 l"},"content":{"rendered":"","protected":false},"excerpt":{"rendered":"<p>Tinta pl\u00e1stica acr\u00edlica estireno interior\/exterior branco fosco 15 l com acabamento liso, imperme\u00e1vel, respir\u00e1vel e alta ader\u00eancia a diferentes materiais utilizados na constru\u00e7\u00e3o. aplica\u00e7\u00e3o em cimento, morteiro de cimento, tijolo poroso, madeira antes de envernizar. uso em fachadas exteriores e interiores. bom rendimento 4-7m\u00b2 por litro e 2-4m\u00b2 por kg (\u00edndice de brancura berger 84-86). tempo de espera: o produto n\u00e3o mancha ao toc\u00e1-lo ap\u00f3s 30-60 minutos e pode-se voltar a pintar ap\u00f3s 6-8horas. secagem total em 15-20dias. brilho 85\u00b0. 5. opacidade 87-89%. finura: 20-25 micras\/fino. conte\u00fado max em cov permitidos: 40g\/l. conte\u00fado max em cov producto:30g\/l. cumpre as normativas une-en1062-1, une-em iso 2813, une 48073, u<\/p>\n","protected":false},"featured_media":119120,"comment_status":"open","ping_status":"closed","template":"","meta":[],"product_brand":[],"product_cat":[17626,18004],"product_tag":[],"class_list":{"0":"post-119121","1":"product","2":"type-product","3":"status-publish","4":"has-post-thumbnail","6":"product_cat-plastico-interior-exterior-construcao","7":"product_cat-construcao","9":"first","10":"instock","11":"taxable","12":"shipping-taxable","13":"purchasable","14":"product-type-simple"},"_links":{"self":[{"href":"https:\/\/casafreitas.pt\/loja\/wp-json\/wp\/v2\/product\/119121","targetHints":{"allow":["GET"]}}],"collection":[{"href":"https:\/\/casafreitas.pt\/loja\/wp-json\/wp\/v2\/product"}],"about":[{"href":"https:\/\/casafreitas.pt\/loja\/wp-json\/wp\/v2\/types\/product"}],"replies":[{"embeddable":true,"href":"https:\/\/casafreitas.pt\/loja\/wp-json\/wp\/v2\/comments?post=119121"}],"version-history":[{"count":1,"href":"https:\/\/casafreitas.pt\/loja\/wp-json\/wp\/v2\/product\/119121\/revisions"}],"predecessor-version":[{"id":119122,"href":"https:\/\/casafreitas.pt\/loja\/wp-json\/wp\/v2\/product\/119121\/revisions\/119122"}],"wp:featuredmedia":[{"embeddable":true,"href":"https:\/\/casafreitas.pt\/loja\/wp-json\/wp\/v2\/media\/119120"}],"wp:attachment":[{"href":"https:\/\/casafreitas.pt\/loja\/wp-json\/wp\/v2\/media?parent=119121"}],"wp:term":[{"taxonomy":"product_brand","embeddable":true,"href":"https:\/\/casafreitas.pt\/loja\/wp-json\/wp\/v2\/product_brand?post=119121"},{"taxonomy":"product_cat","embeddable":true,"href":"https:\/\/casafreitas.pt\/loja\/wp-json\/wp\/v2\/product_cat?post=119121"},{"taxonomy":"product_tag","embeddable":true,"href":"https:\/\/casafreitas.pt\/loja\/wp-json\/wp\/v2\/product_tag?post=119121"}],"curies":[{"name":"wp","href":"https:\/\/api.w.org\/{rel}","templated":true}]}}