{"id":119073,"date":"2025-10-06T09:07:52","date_gmt":"2025-10-06T09:07:52","guid":{"rendered":"https:\/\/casafreitas.pt\/loja\/produto\/decorativo-base-agua-cetim-lasur-brown-750-ml\/"},"modified":"2025-10-24T07:12:25","modified_gmt":"2025-10-24T07:12:25","slug":"decorativo-base-agua-cetim-lasur-brown-750-ml","status":"publish","type":"product","link":"https:\/\/casafreitas.pt\/loja\/produto\/decorativo-base-agua-cetim-lasur-brown-750-ml\/","title":{"rendered":"Decorativo \u00e0 base de \u00e1gua cetim lasur brown 750 ml"},"content":{"rendered":"","protected":false},"excerpt":{"rendered":"<p>Protetor decorativo satin chestnut 750 ml \u00e0 base de \u00e1gua \u00e9 um lasur de dispers\u00e3o \u00e0 base de \u00e1gua de copol\u00edmero acr\u00edlico para proteger a madeira da \u00e1gua e exteriores e um protetor hidro-repelente, para o cuidado de m\u00f3veis de exterior e madeira. n\u00e3o recomendado para superf\u00edcies que ser\u00e3o submetidas a grandes for\u00e7as de abras\u00e3o, para exteriores<\/p>\n","protected":false},"featured_media":119072,"comment_status":"open","ping_status":"closed","template":"","meta":[],"product_brand":[],"product_cat":[17664,18004],"product_tag":[],"class_list":{"0":"post-119073","1":"product","2":"type-product","3":"status-publish","4":"has-post-thumbnail","6":"product_cat-tratamento-da-madeira-construcao","7":"product_cat-construcao","9":"first","10":"instock","11":"taxable","12":"shipping-taxable","13":"purchasable","14":"product-type-simple"},"_links":{"self":[{"href":"https:\/\/casafreitas.pt\/loja\/wp-json\/wp\/v2\/product\/119073","targetHints":{"allow":["GET"]}}],"collection":[{"href":"https:\/\/casafreitas.pt\/loja\/wp-json\/wp\/v2\/product"}],"about":[{"href":"https:\/\/casafreitas.pt\/loja\/wp-json\/wp\/v2\/types\/product"}],"replies":[{"embeddable":true,"href":"https:\/\/casafreitas.pt\/loja\/wp-json\/wp\/v2\/comments?post=119073"}],"version-history":[{"count":1,"href":"https:\/\/casafreitas.pt\/loja\/wp-json\/wp\/v2\/product\/119073\/revisions"}],"predecessor-version":[{"id":119074,"href":"https:\/\/casafreitas.pt\/loja\/wp-json\/wp\/v2\/product\/119073\/revisions\/119074"}],"wp:featuredmedia":[{"embeddable":true,"href":"https:\/\/casafreitas.pt\/loja\/wp-json\/wp\/v2\/media\/119072"}],"wp:attachment":[{"href":"https:\/\/casafreitas.pt\/loja\/wp-json\/wp\/v2\/media?parent=119073"}],"wp:term":[{"taxonomy":"product_brand","embeddable":true,"href":"https:\/\/casafreitas.pt\/loja\/wp-json\/wp\/v2\/product_brand?post=119073"},{"taxonomy":"product_cat","embeddable":true,"href":"https:\/\/casafreitas.pt\/loja\/wp-json\/wp\/v2\/product_cat?post=119073"},{"taxonomy":"product_tag","embeddable":true,"href":"https:\/\/casafreitas.pt\/loja\/wp-json\/wp\/v2\/product_tag?post=119073"}],"curies":[{"name":"wp","href":"https:\/\/api.w.org\/{rel}","templated":true}]}}