{"id":119052,"date":"2025-10-06T09:05:39","date_gmt":"2025-10-06T09:05:39","guid":{"rendered":"https:\/\/casafreitas.pt\/loja\/produto\/primer-selante-base-solvente-branco-750-ml\/"},"modified":"2025-10-24T07:12:24","modified_gmt":"2025-10-24T07:12:24","slug":"primer-selante-base-solvente-branco-750-ml","status":"publish","type":"product","link":"https:\/\/casafreitas.pt\/loja\/produto\/primer-selante-base-solvente-branco-750-ml\/","title":{"rendered":"Primer selante base solvente branco 750 ml"},"content":{"rendered":"","protected":false},"excerpt":{"rendered":"<p>Primer alqu\u00eddico branco 750 ml, com boa penetra\u00e7\u00e3o e ader\u00eancia, sela superf\u00edcies de madeira e outras superf\u00edcies porosas n\u00e3o alcalinas, como gesso cartomizado, gesso, gesso e mdf. evita riscos nos acabamentos. lixamento f\u00e1cil e r\u00e1pido. uso interior &#8211; exterior, secagem 3 &#8211; 4 h, repintura 16 &#8211; 24 h<\/p>\n","protected":false},"featured_media":119051,"comment_status":"open","ping_status":"closed","template":"","meta":[],"product_brand":[],"product_cat":[17632,18004],"product_tag":[],"class_list":{"0":"post-119052","1":"product","2":"type-product","3":"status-publish","4":"has-post-thumbnail","6":"product_cat-primers-preparadores-de-superficies-construcao","7":"product_cat-construcao","9":"first","10":"instock","11":"taxable","12":"shipping-taxable","13":"purchasable","14":"product-type-simple"},"_links":{"self":[{"href":"https:\/\/casafreitas.pt\/loja\/wp-json\/wp\/v2\/product\/119052","targetHints":{"allow":["GET"]}}],"collection":[{"href":"https:\/\/casafreitas.pt\/loja\/wp-json\/wp\/v2\/product"}],"about":[{"href":"https:\/\/casafreitas.pt\/loja\/wp-json\/wp\/v2\/types\/product"}],"replies":[{"embeddable":true,"href":"https:\/\/casafreitas.pt\/loja\/wp-json\/wp\/v2\/comments?post=119052"}],"version-history":[{"count":1,"href":"https:\/\/casafreitas.pt\/loja\/wp-json\/wp\/v2\/product\/119052\/revisions"}],"predecessor-version":[{"id":119053,"href":"https:\/\/casafreitas.pt\/loja\/wp-json\/wp\/v2\/product\/119052\/revisions\/119053"}],"wp:featuredmedia":[{"embeddable":true,"href":"https:\/\/casafreitas.pt\/loja\/wp-json\/wp\/v2\/media\/119051"}],"wp:attachment":[{"href":"https:\/\/casafreitas.pt\/loja\/wp-json\/wp\/v2\/media?parent=119052"}],"wp:term":[{"taxonomy":"product_brand","embeddable":true,"href":"https:\/\/casafreitas.pt\/loja\/wp-json\/wp\/v2\/product_brand?post=119052"},{"taxonomy":"product_cat","embeddable":true,"href":"https:\/\/casafreitas.pt\/loja\/wp-json\/wp\/v2\/product_cat?post=119052"},{"taxonomy":"product_tag","embeddable":true,"href":"https:\/\/casafreitas.pt\/loja\/wp-json\/wp\/v2\/product_tag?post=119052"}],"curies":[{"name":"wp","href":"https:\/\/api.w.org\/{rel}","templated":true}]}}