{"id":119007,"date":"2025-10-05T11:14:02","date_gmt":"2025-10-05T11:14:02","guid":{"rendered":"https:\/\/casafreitas.pt\/loja\/produto\/esmalte-metalico-aluminio-anti-aquecimento-750-ml\/"},"modified":"2025-10-28T23:39:33","modified_gmt":"2025-10-28T23:39:33","slug":"esmalte-metalico-aluminio-anti-aquecimento-750-ml","status":"publish","type":"product","link":"https:\/\/casafreitas.pt\/loja\/produto\/esmalte-metalico-aluminio-anti-aquecimento-750-ml\/","title":{"rendered":"Esmalte met\u00e1lico alum\u00ednio anti-aquecimento 750 ml"},"content":{"rendered":"","protected":false},"excerpt":{"rendered":"<p>Esmalte met\u00e1lico alum\u00ednio anti-aquecimento 750 ml resistente a altas temperaturas at\u00e9 300\u00b0 c. f\u00e1cil extensibilidade e longa dura\u00e7\u00e3o. interior &#8211; exterior. especial para superf\u00edcies met\u00e1licas que devem ser submetidas a temperaturas elevadas, tais como: lareiras, fog\u00f5es, caldeiras, elementos de aquecimento, etc. tempo de secagem 6 horas, repintura 16 horas<\/p>\n","protected":false},"featured_media":119006,"comment_status":"open","ping_status":"closed","template":"","meta":[],"product_brand":[],"product_cat":[17519,18004],"product_tag":[],"class_list":{"0":"post-119007","1":"product","2":"type-product","3":"status-publish","4":"has-post-thumbnail","6":"product_cat-anticalorico-construcao","7":"product_cat-construcao","9":"first","10":"instock","11":"taxable","12":"shipping-taxable","13":"purchasable","14":"product-type-simple"},"_links":{"self":[{"href":"https:\/\/casafreitas.pt\/loja\/wp-json\/wp\/v2\/product\/119007","targetHints":{"allow":["GET"]}}],"collection":[{"href":"https:\/\/casafreitas.pt\/loja\/wp-json\/wp\/v2\/product"}],"about":[{"href":"https:\/\/casafreitas.pt\/loja\/wp-json\/wp\/v2\/types\/product"}],"replies":[{"embeddable":true,"href":"https:\/\/casafreitas.pt\/loja\/wp-json\/wp\/v2\/comments?post=119007"}],"version-history":[{"count":1,"href":"https:\/\/casafreitas.pt\/loja\/wp-json\/wp\/v2\/product\/119007\/revisions"}],"predecessor-version":[{"id":119008,"href":"https:\/\/casafreitas.pt\/loja\/wp-json\/wp\/v2\/product\/119007\/revisions\/119008"}],"wp:featuredmedia":[{"embeddable":true,"href":"https:\/\/casafreitas.pt\/loja\/wp-json\/wp\/v2\/media\/119006"}],"wp:attachment":[{"href":"https:\/\/casafreitas.pt\/loja\/wp-json\/wp\/v2\/media?parent=119007"}],"wp:term":[{"taxonomy":"product_brand","embeddable":true,"href":"https:\/\/casafreitas.pt\/loja\/wp-json\/wp\/v2\/product_brand?post=119007"},{"taxonomy":"product_cat","embeddable":true,"href":"https:\/\/casafreitas.pt\/loja\/wp-json\/wp\/v2\/product_cat?post=119007"},{"taxonomy":"product_tag","embeddable":true,"href":"https:\/\/casafreitas.pt\/loja\/wp-json\/wp\/v2\/product_tag?post=119007"}],"curies":[{"name":"wp","href":"https:\/\/api.w.org\/{rel}","templated":true}]}}