{"id":118965,"date":"2025-10-05T11:10:37","date_gmt":"2025-10-05T11:10:37","guid":{"rendered":"https:\/\/casafreitas.pt\/loja\/produto\/primer-multiuso-branco-fosco-750-ml\/"},"modified":"2025-10-24T07:12:17","modified_gmt":"2025-10-24T07:12:17","slug":"primer-multiuso-branco-fosco-750-ml","status":"publish","type":"product","link":"https:\/\/casafreitas.pt\/loja\/produto\/primer-multiuso-branco-fosco-750-ml\/","title":{"rendered":"Primer multiuso branco fosco 750 ml"},"content":{"rendered":"","protected":false},"excerpt":{"rendered":"<p>Primer multiuso branco fosco 750 ml, anticorrosivo base solvente, secagem r\u00e1pida, alta cobertura, boa selagem para todo o tipo de superf\u00edcies. ponte de ader\u00eancia sobre grande n\u00famero de suportes sem pintura ou pintados com diferentes revestimentos. tratamento eficaz para manchas de caneta, caf\u00e9, etc. protec\u00e7\u00e3o contra a ferrugem em superf\u00edcies de ferro. prepara\u00e7\u00e3o de adesivos para: galvaniza\u00e7\u00e3o, alum\u00ednio, a\u00e7o, lat\u00e3o, cobre e zinco. melhora a ader\u00eancia em superf\u00edcies de pvc r\u00edgido, melamina e azulejo. para pintura de azulejo o primer multiuso oferece uma excelente ader\u00eancia. n\u00e3o aplicar sobre poliestireno expandido. tempo de secagem 1 &#8211; 1,5 h<\/p>\n","protected":false},"featured_media":118964,"comment_status":"open","ping_status":"closed","template":"","meta":[],"product_brand":[],"product_cat":[17632,18004],"product_tag":[],"class_list":{"0":"post-118965","1":"product","2":"type-product","3":"status-publish","4":"has-post-thumbnail","6":"product_cat-primers-preparadores-de-superficies-construcao","7":"product_cat-construcao","9":"first","10":"instock","11":"taxable","12":"shipping-taxable","13":"purchasable","14":"product-type-simple"},"_links":{"self":[{"href":"https:\/\/casafreitas.pt\/loja\/wp-json\/wp\/v2\/product\/118965","targetHints":{"allow":["GET"]}}],"collection":[{"href":"https:\/\/casafreitas.pt\/loja\/wp-json\/wp\/v2\/product"}],"about":[{"href":"https:\/\/casafreitas.pt\/loja\/wp-json\/wp\/v2\/types\/product"}],"replies":[{"embeddable":true,"href":"https:\/\/casafreitas.pt\/loja\/wp-json\/wp\/v2\/comments?post=118965"}],"version-history":[{"count":1,"href":"https:\/\/casafreitas.pt\/loja\/wp-json\/wp\/v2\/product\/118965\/revisions"}],"predecessor-version":[{"id":118966,"href":"https:\/\/casafreitas.pt\/loja\/wp-json\/wp\/v2\/product\/118965\/revisions\/118966"}],"wp:featuredmedia":[{"embeddable":true,"href":"https:\/\/casafreitas.pt\/loja\/wp-json\/wp\/v2\/media\/118964"}],"wp:attachment":[{"href":"https:\/\/casafreitas.pt\/loja\/wp-json\/wp\/v2\/media?parent=118965"}],"wp:term":[{"taxonomy":"product_brand","embeddable":true,"href":"https:\/\/casafreitas.pt\/loja\/wp-json\/wp\/v2\/product_brand?post=118965"},{"taxonomy":"product_cat","embeddable":true,"href":"https:\/\/casafreitas.pt\/loja\/wp-json\/wp\/v2\/product_cat?post=118965"},{"taxonomy":"product_tag","embeddable":true,"href":"https:\/\/casafreitas.pt\/loja\/wp-json\/wp\/v2\/product_tag?post=118965"}],"curies":[{"name":"wp","href":"https:\/\/api.w.org\/{rel}","templated":true}]}}