{"id":118944,"date":"2025-10-05T11:08:46","date_gmt":"2025-10-05T11:08:46","guid":{"rendered":"https:\/\/casafreitas.pt\/loja\/produto\/cola-universal-para-papel-parede-125-g\/"},"modified":"2025-10-24T07:12:16","modified_gmt":"2025-10-24T07:12:16","slug":"cola-universal-para-papel-parede-125-g","status":"publish","type":"product","link":"https:\/\/casafreitas.pt\/loja\/produto\/cola-universal-para-papel-parede-125-g\/","title":{"rendered":"Cola universal para papel de parede 125 g"},"content":{"rendered":"","protected":false},"excerpt":{"rendered":"<p>Cola universal para papel de parede 125 g. adesivo celuloso em escamas, de alta qualidade e soluvel em \u00e1gua fria. apto para todo o tipo de p\u00e1peis de parede. f\u00e1cil de misturar, deslizante, mais fina e extra forte. consulte as instru\u00e7\u00f5es de instala\u00e7\u00e3o e rendimento<\/p>\n","protected":false},"featured_media":118943,"comment_status":"open","ping_status":"closed","template":"","meta":[],"product_brand":[],"product_cat":[17615,18004],"product_tag":[],"class_list":{"0":"post-118944","1":"product","2":"type-product","3":"status-publish","4":"has-post-thumbnail","6":"product_cat-papel-de-parede-cola-construcao","7":"product_cat-construcao","9":"first","10":"instock","11":"taxable","12":"shipping-taxable","13":"purchasable","14":"product-type-simple"},"_links":{"self":[{"href":"https:\/\/casafreitas.pt\/loja\/wp-json\/wp\/v2\/product\/118944","targetHints":{"allow":["GET"]}}],"collection":[{"href":"https:\/\/casafreitas.pt\/loja\/wp-json\/wp\/v2\/product"}],"about":[{"href":"https:\/\/casafreitas.pt\/loja\/wp-json\/wp\/v2\/types\/product"}],"replies":[{"embeddable":true,"href":"https:\/\/casafreitas.pt\/loja\/wp-json\/wp\/v2\/comments?post=118944"}],"version-history":[{"count":1,"href":"https:\/\/casafreitas.pt\/loja\/wp-json\/wp\/v2\/product\/118944\/revisions"}],"predecessor-version":[{"id":118945,"href":"https:\/\/casafreitas.pt\/loja\/wp-json\/wp\/v2\/product\/118944\/revisions\/118945"}],"wp:featuredmedia":[{"embeddable":true,"href":"https:\/\/casafreitas.pt\/loja\/wp-json\/wp\/v2\/media\/118943"}],"wp:attachment":[{"href":"https:\/\/casafreitas.pt\/loja\/wp-json\/wp\/v2\/media?parent=118944"}],"wp:term":[{"taxonomy":"product_brand","embeddable":true,"href":"https:\/\/casafreitas.pt\/loja\/wp-json\/wp\/v2\/product_brand?post=118944"},{"taxonomy":"product_cat","embeddable":true,"href":"https:\/\/casafreitas.pt\/loja\/wp-json\/wp\/v2\/product_cat?post=118944"},{"taxonomy":"product_tag","embeddable":true,"href":"https:\/\/casafreitas.pt\/loja\/wp-json\/wp\/v2\/product_tag?post=118944"}],"curies":[{"name":"wp","href":"https:\/\/api.w.org\/{rel}","templated":true}]}}