{"id":118941,"date":"2025-10-05T11:08:32","date_gmt":"2025-10-05T11:08:32","guid":{"rendered":"https:\/\/casafreitas.pt\/loja\/produto\/rolo-papel-parede-alta-qualidade-tijolos-vermelhos-053-x-10-m\/"},"modified":"2025-10-24T07:12:16","modified_gmt":"2025-10-24T07:12:16","slug":"rolo-papel-parede-alta-qualidade-tijolos-vermelhos-053-x-10-m","status":"publish","type":"product","link":"https:\/\/casafreitas.pt\/loja\/produto\/rolo-papel-parede-alta-qualidade-tijolos-vermelhos-053-x-10-m\/","title":{"rendered":"Rolo de papel de parede de alta qualidade tijolos vermelhos 0,53 x 10 m"},"content":{"rendered":"","protected":false},"excerpt":{"rendered":"<p>Rolo de papel de parede de alta qualidade tijolos vermelhos 0,53 x 10 m. papel de parede tnt com imita\u00e7\u00e3o de texturas tijolos com acabamento terracota. f\u00e1cil de colocar. fabricado em espanha<\/p>\n","protected":false},"featured_media":118940,"comment_status":"open","ping_status":"closed","template":"","meta":[],"product_brand":[],"product_cat":[17615,18004],"product_tag":[],"class_list":{"0":"post-118941","1":"product","2":"type-product","3":"status-publish","4":"has-post-thumbnail","6":"product_cat-papel-de-parede-cola-construcao","7":"product_cat-construcao","9":"first","10":"instock","11":"taxable","12":"shipping-taxable","13":"purchasable","14":"product-type-simple"},"_links":{"self":[{"href":"https:\/\/casafreitas.pt\/loja\/wp-json\/wp\/v2\/product\/118941","targetHints":{"allow":["GET"]}}],"collection":[{"href":"https:\/\/casafreitas.pt\/loja\/wp-json\/wp\/v2\/product"}],"about":[{"href":"https:\/\/casafreitas.pt\/loja\/wp-json\/wp\/v2\/types\/product"}],"replies":[{"embeddable":true,"href":"https:\/\/casafreitas.pt\/loja\/wp-json\/wp\/v2\/comments?post=118941"}],"version-history":[{"count":1,"href":"https:\/\/casafreitas.pt\/loja\/wp-json\/wp\/v2\/product\/118941\/revisions"}],"predecessor-version":[{"id":118942,"href":"https:\/\/casafreitas.pt\/loja\/wp-json\/wp\/v2\/product\/118941\/revisions\/118942"}],"wp:featuredmedia":[{"embeddable":true,"href":"https:\/\/casafreitas.pt\/loja\/wp-json\/wp\/v2\/media\/118940"}],"wp:attachment":[{"href":"https:\/\/casafreitas.pt\/loja\/wp-json\/wp\/v2\/media?parent=118941"}],"wp:term":[{"taxonomy":"product_brand","embeddable":true,"href":"https:\/\/casafreitas.pt\/loja\/wp-json\/wp\/v2\/product_brand?post=118941"},{"taxonomy":"product_cat","embeddable":true,"href":"https:\/\/casafreitas.pt\/loja\/wp-json\/wp\/v2\/product_cat?post=118941"},{"taxonomy":"product_tag","embeddable":true,"href":"https:\/\/casafreitas.pt\/loja\/wp-json\/wp\/v2\/product_tag?post=118941"}],"curies":[{"name":"wp","href":"https:\/\/api.w.org\/{rel}","templated":true}]}}