{"id":118746,"date":"2025-10-04T22:42:10","date_gmt":"2025-10-04T22:42:10","guid":{"rendered":"https:\/\/casafreitas.pt\/loja\/produto\/hermetico-retangular-370ml-borosilicato-expert-sg4700-san-ignacio\/"},"modified":"2025-10-24T07:11:57","modified_gmt":"2025-10-24T07:11:57","slug":"hermetico-retangular-370ml-borosilicato-expert-sg4700-san-ignacio","status":"publish","type":"product","link":"https:\/\/casafreitas.pt\/loja\/produto\/hermetico-retangular-370ml-borosilicato-expert-sg4700-san-ignacio\/","title":{"rendered":"Herm\u00e9tico retangular 370ml borosilicato expert sg4700 san ignacio"},"content":{"rendered":"","protected":false},"excerpt":{"rendered":"<p>Herm\u00e9tico retangular 370ml borosilicato expert sg4700 san ignacio. fabricado em borosilicato, apto para temperaturas extremas, recipientes apilh\u00e1veis que permitem poupar espa\u00e7o no momento de armazenar, ao p\u00e9 de outros recipientes de cozinha. herm\u00e9tico retangular de 370ml cujas medidas 14,5&#215;10,4&#215;4,7cm (largura\/profundidade\/altura) 100% recicl\u00e1vel livre de t\u00f3xicos. apto para m\u00e1quina lavar-loi\u00e7a permitindo a sua f\u00e1cil limpeza<\/p>\n","protected":false},"featured_media":118745,"comment_status":"open","ping_status":"closed","template":"","meta":[],"product_brand":[],"product_cat":[8800,17182],"product_tag":[],"class_list":{"0":"post-118746","1":"product","2":"type-product","3":"status-publish","4":"has-post-thumbnail","6":"product_cat-pequenos-domesticos","7":"product_cat-recipientes-de-cozinha-pequenos-domesticos","9":"first","10":"instock","11":"taxable","12":"shipping-taxable","13":"purchasable","14":"product-type-simple"},"_links":{"self":[{"href":"https:\/\/casafreitas.pt\/loja\/wp-json\/wp\/v2\/product\/118746","targetHints":{"allow":["GET"]}}],"collection":[{"href":"https:\/\/casafreitas.pt\/loja\/wp-json\/wp\/v2\/product"}],"about":[{"href":"https:\/\/casafreitas.pt\/loja\/wp-json\/wp\/v2\/types\/product"}],"replies":[{"embeddable":true,"href":"https:\/\/casafreitas.pt\/loja\/wp-json\/wp\/v2\/comments?post=118746"}],"version-history":[{"count":1,"href":"https:\/\/casafreitas.pt\/loja\/wp-json\/wp\/v2\/product\/118746\/revisions"}],"predecessor-version":[{"id":118747,"href":"https:\/\/casafreitas.pt\/loja\/wp-json\/wp\/v2\/product\/118746\/revisions\/118747"}],"wp:featuredmedia":[{"embeddable":true,"href":"https:\/\/casafreitas.pt\/loja\/wp-json\/wp\/v2\/media\/118745"}],"wp:attachment":[{"href":"https:\/\/casafreitas.pt\/loja\/wp-json\/wp\/v2\/media?parent=118746"}],"wp:term":[{"taxonomy":"product_brand","embeddable":true,"href":"https:\/\/casafreitas.pt\/loja\/wp-json\/wp\/v2\/product_brand?post=118746"},{"taxonomy":"product_cat","embeddable":true,"href":"https:\/\/casafreitas.pt\/loja\/wp-json\/wp\/v2\/product_cat?post=118746"},{"taxonomy":"product_tag","embeddable":true,"href":"https:\/\/casafreitas.pt\/loja\/wp-json\/wp\/v2\/product_tag?post=118746"}],"curies":[{"name":"wp","href":"https:\/\/api.w.org\/{rel}","templated":true}]}}