{"id":118653,"date":"2025-10-04T22:34:47","date_gmt":"2025-10-04T22:34:47","guid":{"rendered":"https:\/\/casafreitas.pt\/loja\/produto\/espatula-375x114cm-inox-expert-sg7338-san-ignacio\/"},"modified":"2025-10-24T07:11:50","modified_gmt":"2025-10-24T07:11:50","slug":"espatula-375x114cm-inox-expert-sg7338-san-ignacio","status":"publish","type":"product","link":"https:\/\/casafreitas.pt\/loja\/produto\/espatula-375x114cm-inox-expert-sg7338-san-ignacio\/","title":{"rendered":"Esp\u00e1tula 37,5&#215;11,4cm inox expert sg7338 san ignacio"},"content":{"rendered":"","protected":false},"excerpt":{"rendered":"<p>Esp\u00e1tula 37,5&#215;11,4cm inox expert sg7338 san ignacio. \u00e9 um utens\u00edlio de cozinha que n\u00e3o pode faltar, perfeito para virar omeletes, saltear carnes, vegetais e outros alimentos. ao ter ranhuras n\u00e3o acumula l\u00edquidos. feita em inox. n\u00e3o \u00e9 um utens\u00edlio de cozinha de silicone que se derretem ou perdem a forma. est\u00e1 fabricada em inox que proporciona grande resist\u00eancia e durabilidade. cabo de tato frio. n\u00e3o se aquece ao cozinha devido a que o cabo de inox contem inser\u00e7\u00f5es de pl\u00e1stico. conta com a praticidade de uma esp\u00e1tula de silicone. tamanho pr\u00e1tico e \u00fatil. as suas dimens\u00f5es s\u00e3o de 35&#215;7,8cm, ideal para que se mantenha a separa\u00e7\u00e3o entre as m\u00e3os e a frigideira e preparar os alimentos sem sofrer queimaduras. anel final no cabo. esta esp\u00e1tula n\u00e3o s\u00f3 oferece uma estrutura totalmente elegante; t<\/p>\n","protected":false},"featured_media":118652,"comment_status":"open","ping_status":"closed","template":"","meta":[],"product_brand":[],"product_cat":[16589,8800],"product_tag":[],"class_list":{"0":"post-118653","1":"product","2":"type-product","3":"status-publish","4":"has-post-thumbnail","6":"product_cat-espatulas-raspadores-pequenos-domesticos-34","7":"product_cat-pequenos-domesticos","9":"first","10":"instock","11":"taxable","12":"shipping-taxable","13":"purchasable","14":"product-type-simple"},"_links":{"self":[{"href":"https:\/\/casafreitas.pt\/loja\/wp-json\/wp\/v2\/product\/118653","targetHints":{"allow":["GET"]}}],"collection":[{"href":"https:\/\/casafreitas.pt\/loja\/wp-json\/wp\/v2\/product"}],"about":[{"href":"https:\/\/casafreitas.pt\/loja\/wp-json\/wp\/v2\/types\/product"}],"replies":[{"embeddable":true,"href":"https:\/\/casafreitas.pt\/loja\/wp-json\/wp\/v2\/comments?post=118653"}],"version-history":[{"count":1,"href":"https:\/\/casafreitas.pt\/loja\/wp-json\/wp\/v2\/product\/118653\/revisions"}],"predecessor-version":[{"id":118654,"href":"https:\/\/casafreitas.pt\/loja\/wp-json\/wp\/v2\/product\/118653\/revisions\/118654"}],"wp:featuredmedia":[{"embeddable":true,"href":"https:\/\/casafreitas.pt\/loja\/wp-json\/wp\/v2\/media\/118652"}],"wp:attachment":[{"href":"https:\/\/casafreitas.pt\/loja\/wp-json\/wp\/v2\/media?parent=118653"}],"wp:term":[{"taxonomy":"product_brand","embeddable":true,"href":"https:\/\/casafreitas.pt\/loja\/wp-json\/wp\/v2\/product_brand?post=118653"},{"taxonomy":"product_cat","embeddable":true,"href":"https:\/\/casafreitas.pt\/loja\/wp-json\/wp\/v2\/product_cat?post=118653"},{"taxonomy":"product_tag","embeddable":true,"href":"https:\/\/casafreitas.pt\/loja\/wp-json\/wp\/v2\/product_tag?post=118653"}],"curies":[{"name":"wp","href":"https:\/\/api.w.org\/{rel}","templated":true}]}}