{"id":118602,"date":"2025-10-04T22:30:42","date_gmt":"2025-10-04T22:30:42","guid":{"rendered":"https:\/\/casafreitas.pt\/loja\/produto\/tapete-dynamic-60x40cm-100-borracha\/"},"modified":"2025-10-24T07:11:45","modified_gmt":"2025-10-24T07:11:45","slug":"tapete-dynamic-60x40cm-100-borracha","status":"publish","type":"product","link":"https:\/\/casafreitas.pt\/loja\/produto\/tapete-dynamic-60x40cm-100-borracha\/","title":{"rendered":"Tapete dynamic 60x40cm 100% borracha"},"content":{"rendered":"","protected":false},"excerpt":{"rendered":"<p>Tapete dynamic dimens\u00f5es: 60x40cm (largura\/profundidade) 100% borracha. antiderrapante. uso tanto em interiores como exteriores. oferece grande resist\u00eancia ao uso, \u00e0 humidade e ao transito. s\u00e3o muito eficazes nas zonas de barro, neve e p\u00f3. destacam por ser f\u00e1cil de limpar, j\u00e1 que, s\u00e3o lav\u00e1veis com \u00e1gua e sab\u00e3o neutro<\/p>\n","protected":false},"featured_media":118601,"comment_status":"open","ping_status":"closed","template":"","meta":[],"product_brand":[],"product_cat":[17700,18003],"product_tag":[],"class_list":{"0":"post-118602","1":"product","2":"type-product","3":"status-publish","4":"has-post-thumbnail","6":"product_cat-esteiras-casa-e-decoracao","7":"product_cat-casa-decoracao","9":"first","10":"instock","11":"taxable","12":"shipping-taxable","13":"purchasable","14":"product-type-simple"},"_links":{"self":[{"href":"https:\/\/casafreitas.pt\/loja\/wp-json\/wp\/v2\/product\/118602","targetHints":{"allow":["GET"]}}],"collection":[{"href":"https:\/\/casafreitas.pt\/loja\/wp-json\/wp\/v2\/product"}],"about":[{"href":"https:\/\/casafreitas.pt\/loja\/wp-json\/wp\/v2\/types\/product"}],"replies":[{"embeddable":true,"href":"https:\/\/casafreitas.pt\/loja\/wp-json\/wp\/v2\/comments?post=118602"}],"version-history":[{"count":1,"href":"https:\/\/casafreitas.pt\/loja\/wp-json\/wp\/v2\/product\/118602\/revisions"}],"predecessor-version":[{"id":118603,"href":"https:\/\/casafreitas.pt\/loja\/wp-json\/wp\/v2\/product\/118602\/revisions\/118603"}],"wp:featuredmedia":[{"embeddable":true,"href":"https:\/\/casafreitas.pt\/loja\/wp-json\/wp\/v2\/media\/118601"}],"wp:attachment":[{"href":"https:\/\/casafreitas.pt\/loja\/wp-json\/wp\/v2\/media?parent=118602"}],"wp:term":[{"taxonomy":"product_brand","embeddable":true,"href":"https:\/\/casafreitas.pt\/loja\/wp-json\/wp\/v2\/product_brand?post=118602"},{"taxonomy":"product_cat","embeddable":true,"href":"https:\/\/casafreitas.pt\/loja\/wp-json\/wp\/v2\/product_cat?post=118602"},{"taxonomy":"product_tag","embeddable":true,"href":"https:\/\/casafreitas.pt\/loja\/wp-json\/wp\/v2\/product_tag?post=118602"}],"curies":[{"name":"wp","href":"https:\/\/api.w.org\/{rel}","templated":true}]}}