{"id":118581,"date":"2025-10-04T22:20:41","date_gmt":"2025-10-04T22:20:41","guid":{"rendered":"https:\/\/casafreitas.pt\/loja\/produto\/dispensador-bebidas-refrigerantes-freer-innovagoods\/"},"modified":"2025-10-24T07:11:44","modified_gmt":"2025-10-24T07:11:44","slug":"dispensador-bebidas-refrigerantes-freer-innovagoods","status":"publish","type":"product","link":"https:\/\/casafreitas.pt\/loja\/produto\/dispensador-bebidas-refrigerantes-freer-innovagoods\/","title":{"rendered":"Dispensador de bebidas refrigerantes freer innovagoods"},"content":{"rendered":"","protected":false},"excerpt":{"rendered":"<p>Dispensador de bebidas refrigerantes freer innovagoods. para servir facilmente todo o tipo de bebidas em festas e celebra\u00e7\u00f5es com familiares e amigos. os 2 dep\u00f3sitos para gelo independentes e extra\u00edveis colocam-se na zona central do compartimento para bebida e permitem arrefec\u00ea-la e mant\u00ea-la fria sem agu\u00e1-la. conta tamb\u00e9m com tampa dupla na parte superior e com um amplo compartimento de armazenagem na base para guardar copos, snacks, etc, levando-os facilmente a qualquer parte ou inclusive para guardar parte do dispensador desmontado. este original e vers\u00e1til dispensador tem uma grande capacidade de 4l e o dep\u00f3sito para a bebida \u00e9 transparente, para poder ver o conte\u00fado ao momento e voltar a enche-lo se necess\u00e1rio. disp\u00f5e duma pr\u00e1tica torneira com alavanca para servir bebidas dum modo simi<\/p>\n","protected":false},"featured_media":118580,"comment_status":"open","ping_status":"closed","template":"","meta":[],"product_brand":[],"product_cat":[15325,8800],"product_tag":[],"class_list":{"0":"post-118581","1":"product","2":"type-product","3":"status-publish","4":"has-post-thumbnail","6":"product_cat-dispensadores-pequenos-domesticos","7":"product_cat-pequenos-domesticos","9":"first","10":"instock","11":"taxable","12":"shipping-taxable","13":"purchasable","14":"product-type-simple"},"_links":{"self":[{"href":"https:\/\/casafreitas.pt\/loja\/wp-json\/wp\/v2\/product\/118581","targetHints":{"allow":["GET"]}}],"collection":[{"href":"https:\/\/casafreitas.pt\/loja\/wp-json\/wp\/v2\/product"}],"about":[{"href":"https:\/\/casafreitas.pt\/loja\/wp-json\/wp\/v2\/types\/product"}],"replies":[{"embeddable":true,"href":"https:\/\/casafreitas.pt\/loja\/wp-json\/wp\/v2\/comments?post=118581"}],"version-history":[{"count":1,"href":"https:\/\/casafreitas.pt\/loja\/wp-json\/wp\/v2\/product\/118581\/revisions"}],"predecessor-version":[{"id":118582,"href":"https:\/\/casafreitas.pt\/loja\/wp-json\/wp\/v2\/product\/118581\/revisions\/118582"}],"wp:featuredmedia":[{"embeddable":true,"href":"https:\/\/casafreitas.pt\/loja\/wp-json\/wp\/v2\/media\/118580"}],"wp:attachment":[{"href":"https:\/\/casafreitas.pt\/loja\/wp-json\/wp\/v2\/media?parent=118581"}],"wp:term":[{"taxonomy":"product_brand","embeddable":true,"href":"https:\/\/casafreitas.pt\/loja\/wp-json\/wp\/v2\/product_brand?post=118581"},{"taxonomy":"product_cat","embeddable":true,"href":"https:\/\/casafreitas.pt\/loja\/wp-json\/wp\/v2\/product_cat?post=118581"},{"taxonomy":"product_tag","embeddable":true,"href":"https:\/\/casafreitas.pt\/loja\/wp-json\/wp\/v2\/product_tag?post=118581"}],"curies":[{"name":"wp","href":"https:\/\/api.w.org\/{rel}","templated":true}]}}