{"id":118575,"date":"2025-10-04T22:20:12","date_gmt":"2025-10-04T22:20:12","guid":{"rendered":"https:\/\/casafreitas.pt\/loja\/produto\/tinta-spray-resistente-ao-calor-ate-600-cinza-400-ml\/"},"modified":"2025-10-24T07:11:44","modified_gmt":"2025-10-24T07:11:44","slug":"tinta-spray-resistente-ao-calor-ate-600-cinza-400-ml","status":"publish","type":"product","link":"https:\/\/casafreitas.pt\/loja\/produto\/tinta-spray-resistente-ao-calor-ate-600-cinza-400-ml\/","title":{"rendered":"Tinta spray resistente ao calor at\u00e9 600\u00b0 cinza 400 ml"},"content":{"rendered":"","protected":false},"excerpt":{"rendered":"<p>Apto para uso em interiores e exteriores. resistente at\u00e9 600\u00b0c. protege e decora superf\u00edcies met\u00e1licas pr\u00f3ximas ao fogo<\/p>\n","protected":false},"featured_media":118574,"comment_status":"open","ping_status":"closed","template":"","meta":[],"product_brand":[],"product_cat":[17519,18004],"product_tag":[],"class_list":{"0":"post-118575","1":"product","2":"type-product","3":"status-publish","4":"has-post-thumbnail","6":"product_cat-anticalorico-construcao","7":"product_cat-construcao","9":"first","10":"instock","11":"taxable","12":"shipping-taxable","13":"purchasable","14":"product-type-simple"},"_links":{"self":[{"href":"https:\/\/casafreitas.pt\/loja\/wp-json\/wp\/v2\/product\/118575","targetHints":{"allow":["GET"]}}],"collection":[{"href":"https:\/\/casafreitas.pt\/loja\/wp-json\/wp\/v2\/product"}],"about":[{"href":"https:\/\/casafreitas.pt\/loja\/wp-json\/wp\/v2\/types\/product"}],"replies":[{"embeddable":true,"href":"https:\/\/casafreitas.pt\/loja\/wp-json\/wp\/v2\/comments?post=118575"}],"version-history":[{"count":1,"href":"https:\/\/casafreitas.pt\/loja\/wp-json\/wp\/v2\/product\/118575\/revisions"}],"predecessor-version":[{"id":118576,"href":"https:\/\/casafreitas.pt\/loja\/wp-json\/wp\/v2\/product\/118575\/revisions\/118576"}],"wp:featuredmedia":[{"embeddable":true,"href":"https:\/\/casafreitas.pt\/loja\/wp-json\/wp\/v2\/media\/118574"}],"wp:attachment":[{"href":"https:\/\/casafreitas.pt\/loja\/wp-json\/wp\/v2\/media?parent=118575"}],"wp:term":[{"taxonomy":"product_brand","embeddable":true,"href":"https:\/\/casafreitas.pt\/loja\/wp-json\/wp\/v2\/product_brand?post=118575"},{"taxonomy":"product_cat","embeddable":true,"href":"https:\/\/casafreitas.pt\/loja\/wp-json\/wp\/v2\/product_cat?post=118575"},{"taxonomy":"product_tag","embeddable":true,"href":"https:\/\/casafreitas.pt\/loja\/wp-json\/wp\/v2\/product_tag?post=118575"}],"curies":[{"name":"wp","href":"https:\/\/api.w.org\/{rel}","templated":true}]}}