{"id":118329,"date":"2025-10-04T17:02:07","date_gmt":"2025-10-04T17:02:07","guid":{"rendered":"https:\/\/casafreitas.pt\/loja\/produto\/aspersor-profesional-lux-ideal-cellfast\/"},"modified":"2025-10-24T07:11:27","modified_gmt":"2025-10-24T07:11:27","slug":"aspersor-profesional-lux-ideal-cellfast","status":"publish","type":"product","link":"https:\/\/casafreitas.pt\/loja\/produto\/aspersor-profesional-lux-ideal-cellfast\/","title":{"rendered":"Aspersor profesional lux ideal cellfast"},"content":{"rendered":"","protected":false},"excerpt":{"rendered":"<p>Aspersores por setor rotativo profissional lux ideal. composi\u00e7\u00e3o em liga de alum\u00ednio, lat\u00e3o e ferro, controle de \u00e2ngulo de pulveriza\u00e7\u00e3o e fluxo ajust\u00e1vel. com 2 bar de press\u00e3o atinge um di\u00e2metro de rega de at\u00e9 21 m e uma superf\u00edcie de at\u00e9 345 m\u00b2, tendo um consumo de 11 l\/min. a 4 bar de press\u00e3o atinge 26m de di\u00e2metro, o que equivale a cerca de 530 m\u00b2 de superf\u00edcie e gasta cerca de 17 l\/min. cellfast<\/p>\n","protected":false},"featured_media":118328,"comment_status":"open","ping_status":"closed","template":"","meta":[],"product_brand":[],"product_cat":[17821,18009],"product_tag":[],"class_list":{"0":"post-118329","1":"product","2":"type-product","3":"status-publish","4":"has-post-thumbnail","6":"product_cat-aspersores-jardim-e-espaco-exterior","7":"product_cat-jardim-espaco-exterior","9":"first","10":"instock","11":"taxable","12":"shipping-taxable","13":"purchasable","14":"product-type-simple"},"_links":{"self":[{"href":"https:\/\/casafreitas.pt\/loja\/wp-json\/wp\/v2\/product\/118329","targetHints":{"allow":["GET"]}}],"collection":[{"href":"https:\/\/casafreitas.pt\/loja\/wp-json\/wp\/v2\/product"}],"about":[{"href":"https:\/\/casafreitas.pt\/loja\/wp-json\/wp\/v2\/types\/product"}],"replies":[{"embeddable":true,"href":"https:\/\/casafreitas.pt\/loja\/wp-json\/wp\/v2\/comments?post=118329"}],"version-history":[{"count":1,"href":"https:\/\/casafreitas.pt\/loja\/wp-json\/wp\/v2\/product\/118329\/revisions"}],"predecessor-version":[{"id":118330,"href":"https:\/\/casafreitas.pt\/loja\/wp-json\/wp\/v2\/product\/118329\/revisions\/118330"}],"wp:featuredmedia":[{"embeddable":true,"href":"https:\/\/casafreitas.pt\/loja\/wp-json\/wp\/v2\/media\/118328"}],"wp:attachment":[{"href":"https:\/\/casafreitas.pt\/loja\/wp-json\/wp\/v2\/media?parent=118329"}],"wp:term":[{"taxonomy":"product_brand","embeddable":true,"href":"https:\/\/casafreitas.pt\/loja\/wp-json\/wp\/v2\/product_brand?post=118329"},{"taxonomy":"product_cat","embeddable":true,"href":"https:\/\/casafreitas.pt\/loja\/wp-json\/wp\/v2\/product_cat?post=118329"},{"taxonomy":"product_tag","embeddable":true,"href":"https:\/\/casafreitas.pt\/loja\/wp-json\/wp\/v2\/product_tag?post=118329"}],"curies":[{"name":"wp","href":"https:\/\/api.w.org\/{rel}","templated":true}]}}